{"id":7495,"date":"2022-06-28T08:19:39","date_gmt":"2022-06-28T06:19:39","guid":{"rendered":"https:\/\/osobdravinji.splet.arnes.si\/?page_id=7495"},"modified":"2022-06-28T08:56:05","modified_gmt":"2022-06-28T06:56:05","slug":"ddk","status":"publish","type":"page","link":"https:\/\/obdravinji.si\/?page_id=7495","title":{"rendered":"Dvig digitalnih kompetenc"},"content":{"rendered":"\n<div class=\"wp-block-image\"><figure class=\"aligncenter size-medium\"><img loading=\"lazy\" decoding=\"async\" width=\"300\" height=\"300\" src=\"https:\/\/obdravinji.si\/files\/2022\/06\/LOGO_DVIG_DIGITALNE-KOMPETENCE_vertikalni-300x300.jpg\" alt=\"\" class=\"wp-image-7500\" srcset=\"https:\/\/obdravinji.si\/files\/2022\/06\/LOGO_DVIG_DIGITALNE-KOMPETENCE_vertikalni-300x300.jpg 300w, https:\/\/obdravinji.si\/files\/2022\/06\/LOGO_DVIG_DIGITALNE-KOMPETENCE_vertikalni-1024x1024.jpg 1024w, https:\/\/obdravinji.si\/files\/2022\/06\/LOGO_DVIG_DIGITALNE-KOMPETENCE_vertikalni-150x150.jpg 150w, https:\/\/obdravinji.si\/files\/2022\/06\/LOGO_DVIG_DIGITALNE-KOMPETENCE_vertikalni-768x768.jpg 768w, https:\/\/obdravinji.si\/files\/2022\/06\/LOGO_DVIG_DIGITALNE-KOMPETENCE_vertikalni-947x947.jpg 947w, https:\/\/obdravinji.si\/files\/2022\/06\/LOGO_DVIG_DIGITALNE-KOMPETENCE_vertikalni-624x624.jpg 624w, https:\/\/obdravinji.si\/files\/2022\/06\/LOGO_DVIG_DIGITALNE-KOMPETENCE_vertikalni.jpg 1383w\" sizes=\"auto, (max-width: 300px) 100vw, 300px\" \/><\/figure><\/div>\n\n\n\n<div class=\"wp-block-columns is-layout-flex wp-container-core-columns-is-layout-9d6595d7 wp-block-columns-is-layout-flex\">\n<div class=\"wp-block-column is-layout-flow wp-block-column-is-layout-flow\">\n<figure class=\"wp-block-image size-medium is-resized\"><a href=\"http:\/\/www.eu-skladi.si\/\u200b\"><img loading=\"lazy\" decoding=\"async\" src=\"https:\/\/obdravinji.si\/files\/2022\/06\/Logo_EKP_socialni_sklad_SLO_slogan-3-300x145.jpg\" alt=\"\" class=\"wp-image-7527\" width=\"225\" height=\"109\" srcset=\"https:\/\/obdravinji.si\/files\/2022\/06\/Logo_EKP_socialni_sklad_SLO_slogan-3-300x145.jpg 300w, https:\/\/obdravinji.si\/files\/2022\/06\/Logo_EKP_socialni_sklad_SLO_slogan-3-768x372.jpg 768w, https:\/\/obdravinji.si\/files\/2022\/06\/Logo_EKP_socialni_sklad_SLO_slogan-3-947x458.jpg 947w, https:\/\/obdravinji.si\/files\/2022\/06\/Logo_EKP_socialni_sklad_SLO_slogan-3-624x302.jpg 624w, https:\/\/obdravinji.si\/files\/2022\/06\/Logo_EKP_socialni_sklad_SLO_slogan-3.jpg 1000w\" sizes=\"auto, (max-width: 225px) 100vw, 225px\" \/><\/a><\/figure>\n<\/div>\n\n\n\n<div class=\"wp-block-column is-layout-flow wp-block-column-is-layout-flow\">\n<figure class=\"wp-block-image size-medium is-resized\"><a href=\"https:\/\/www.gov.si\/drzavni-organi\/ministrstva\/ministrstvo-za-izobrazevanje-znanost-in-sport\/\"><img loading=\"lazy\" decoding=\"async\" src=\"https:\/\/obdravinji.si\/files\/2022\/06\/Logo_MIZS_slo-2-300x49.jpg\" alt=\"\" class=\"wp-image-7528\" width=\"225\" height=\"37\" srcset=\"https:\/\/obdravinji.si\/files\/2022\/06\/Logo_MIZS_slo-2-300x49.jpg 300w, https:\/\/obdravinji.si\/files\/2022\/06\/Logo_MIZS_slo-2-768x124.jpg 768w, https:\/\/obdravinji.si\/files\/2022\/06\/Logo_MIZS_slo-2-624x101.jpg 624w, https:\/\/obdravinji.si\/files\/2022\/06\/Logo_MIZS_slo-2.jpg 796w\" sizes=\"auto, (max-width: 225px) 100vw, 225px\" \/><\/a><\/figure>\n<\/div>\n\n\n\n<div class=\"wp-block-column is-layout-flow wp-block-column-is-layout-flow\">\n<figure class=\"wp-block-image size-medium is-resized\"><a href=\"http:\/\/www.zrss.si\/\u200b\"><img loading=\"lazy\" decoding=\"async\" src=\"https:\/\/obdravinji.si\/files\/2022\/06\/logotip-ZRSS_barvni-3-233x300.jpg\" alt=\"\" class=\"wp-image-7532\" width=\"175\" height=\"225\" srcset=\"https:\/\/obdravinji.si\/files\/2022\/06\/logotip-ZRSS_barvni-3-233x300.jpg 233w, https:\/\/obdravinji.si\/files\/2022\/06\/logotip-ZRSS_barvni-3-796x1024.jpg 796w, https:\/\/obdravinji.si\/files\/2022\/06\/logotip-ZRSS_barvni-3-768x987.jpg 768w, https:\/\/obdravinji.si\/files\/2022\/06\/logotip-ZRSS_barvni-3-1195x1536.jpg 1195w, https:\/\/obdravinji.si\/files\/2022\/06\/logotip-ZRSS_barvni-3-947x1218.jpg 947w, https:\/\/obdravinji.si\/files\/2022\/06\/logotip-ZRSS_barvni-3-624x802.jpg 624w, https:\/\/obdravinji.si\/files\/2022\/06\/logotip-ZRSS_barvni-3.jpg 1505w\" sizes=\"auto, (max-width: 175px) 100vw, 175px\" \/><\/a><\/figure>\n<\/div>\n\n\n\n<div class=\"wp-block-column is-layout-flow wp-block-column-is-layout-flow\">\n<figure class=\"wp-block-image size-medium is-resized\"><a href=\"http:\/\/www.arnes.si\/\"><img loading=\"lazy\" decoding=\"async\" src=\"https:\/\/obdravinji.si\/files\/2022\/06\/Arnes_logotip-1-3-300x136.jpg\" alt=\"\" class=\"wp-image-7533\" width=\"225\" height=\"102\" srcset=\"https:\/\/obdravinji.si\/files\/2022\/06\/Arnes_logotip-1-3-300x136.jpg 300w, https:\/\/obdravinji.si\/files\/2022\/06\/Arnes_logotip-1-3-768x347.jpg 768w, https:\/\/obdravinji.si\/files\/2022\/06\/Arnes_logotip-1-3-624x282.jpg 624w, https:\/\/obdravinji.si\/files\/2022\/06\/Arnes_logotip-1-3.jpg 850w\" sizes=\"auto, (max-width: 225px) 100vw, 225px\" \/><\/a><\/figure>\n<\/div>\n<\/div>\n\n\n\n<p><strong><em>Nalo\u017ebo sofinancirata Republika Slovenija in Evropska unija iz Evropskega socialnega sklada<\/em><\/strong><\/p>\n\n\n\n<p><strong>Namen&nbsp;<\/strong>projekta Dvig digitalne kompetentnosti je izbolj\u0161ati kakovost in u\u010dinkovitost izobra\u017eevanja in usposabljanj ter spodbujati razvoj inovativnih u\u010dnih okolij in pro\u017enih oblik u\u010denja, ki bodo prispevali k dvigu digitalnih kompetenc vodstvenih in strokovnih delavcev, otrok, u\u010dencev in dijakov.<\/p>\n\n\n\n<p><strong>Cilj&nbsp;<\/strong>projekta je razvoj pro\u017enej\u0161ih oblik u\u010denja s pomo\u010djo u\u010dinkovite rabe digitalnih tehnologij v VIZ ter s tem spodbujanje strokovnih delavcev VIZ za reflektivno prakso, na\u010drtovanje ter udejanjanje lastnega strokovnega razvoja (digitalnih strategij VIZ-a, digitalnih kompetenc strokovnih delavcev in otrok\/u\u010dencev\/dijakov).<\/p>\n\n\n\n<p><strong>Ciljne skupine<\/strong>, ki so vklju\u010dene v projekt, so vzgojno-izobra\u017eevalni zavodi, znotraj teh pa zaposleni: strokovni delavci (ravnatelji, u\u010ditelji in drugo strokovno osebje) na podro\u010dju pred\u0161olske vzgoje, osnovno\u0161olskega izobra\u017eevanja, osnovnega glasbenega izobra\u017eevanja, poklicnega in strokovnega izobra\u017eevanja, srednjega splo\u0161nega izobra\u017eevanja, vzgoje in izobra\u017eevanja otrok in mladostnikov s posebnimi potrebami, vzgoje in izobra\u017eevanja v dija\u0161kih domovih ter posledi\u010dno otroci, u\u010denci in dijaki.<\/p>\n\n\n\n<p>Kon\u010dna dodana vrednost programa bo glede na razli\u010dno raven digitalne kompetentnosti posameznih strokovnih delavcev in VIZ-a v celoti izdelana digitalna strategija za posamezen VIZ in na osnovi strategije izvedena usposabljanja ter udejanjanje teh znanj v vzgojno-izobra\u017eevalnem procesu. Izdelava strategije bo temeljila na analizi stanja in pripravi akcijskega na\u010drta. To pomeni, da bodo zaposleni v posameznem VIZ-u aktivni udele\u017eenci v procesu analize ter v procesu priprave in izvajanja akcijskega na\u010drta in s tem opolnomo\u010deni za evalvacijo in nadgradnjo digitalne strategije znotraj zavoda tudi po zaklju\u010dku programa.<\/p>\n\n\n\n<p>Projekt Dvig digitalne kompetentnosti se od dosedanjih usposabljanj na podro\u010dju digitalnih kompetenc razlikuje v izhajanju iz dejanskih potreb posameznega VIZ-a in na\u010drtovanju strategij VIZ-a za dvig digitalnih kompetenc.&nbsp;<\/p>\n\n\n\n<h2 class=\"has-luminous-vivid-orange-color has-text-color wp-block-heading\" id=\"Ugotovljeni-problemi-in-izzivi\"><strong>Ugotovljeni problemi in izzivi<\/strong><\/h2>\n\n\n\n<p>Kljub \u0161tevilnim strate\u0161kim dokumentom, strategijam, smernicam, projektom, usposabljanjem in drugim pobudam ugotavljamo, da ostaja v slovenskem \u0161olskem prostoru problem smiselne rabe digitalne tehnologije. Zato vodstveni in strokovni delavci potrebujejo sistemati\u010dno podporo za u\u010dinkovito rabo digitalnih tehnologij pri doseganju vzgojno-izobra\u017eevalnih ciljev in razvijanju digitalnih kompetenc u\u010de\u010dih se.<\/p>\n\n\n\n<p>Opravljene analize ka\u017eejo na nujno ukrepanje na treh podro\u010djih:<\/p>\n\n\n\n<ul class=\"wp-block-list\"><li>inovativnih pristopih pedago\u0161kega vodenja in na\u010drtovanja u\u010dinkovite rabe digitalnih tehnologij v VIZ,<\/li><li>pedago\u0161kih digitalnih kompetencah strokovnih delavcev VIZ-ov in<\/li><li>u\u010dinkovite rabe digitalnih tehnologij v vzgojno-izobra\u017eevalnem procesu in s tem posledi\u010dno povezanem dvigu digitalnih kompetenc otrok, u\u010dencev, dijakov.<\/li><\/ul>\n\n\n\n<h2 class=\"has-luminous-vivid-orange-color has-text-color wp-block-heading\" id=\"Dejavnosti-v-projektu\"><strong>Dejavnosti v projektu<\/strong><\/h2>\n\n\n\n<p>V programu bodo zasnovane, preizku\u0161ene in evalvirane raznolike dejavnosti za razvoj digitalne kompetentnosti dele\u017enikov v vzgoji in izobra\u017eevanju:<\/p>\n\n\n\n<ul class=\"wp-block-list\"><li>razli\u010dna usposabljanja in izobra\u017eevanja za profesionalni razvoj pedago\u0161kih digitalnih kompetenc strokovnih delavcev VIZ-a,<\/li><li>podporno spletno okolje za u\u010dinkovito rabo digitalnih tehnologij v VIZ-ih (interaktivni u\u010dni na\u010drt z dodanimi pripravljenimi gradivi in povezavami, mo\u017enostjo kreiranja letne in sprotnih priprav na VIZ), orodja za samopreverjanje digitalnih pedago\u0161kih kompetenc in u\u010dinkovite rabe digitalnih tehnologij VIZ, digitalna gradiva, primeri dobre rabe),<\/li><li>vzpostavljene u\u010de\u010de se skupnosti digitalnih znanj in izku\u0161enj znotraj VIZ in prenos na ostale VIZ-e,<\/li><li>priro\u010dnik za dvig digitalnih kompetenc na VIZ-u.<\/li><\/ul>\n\n\n\n<h2 class=\"has-luminous-vivid-orange-color has-text-color wp-block-heading\" id=\"Pri\u010dakovani-rezultati\"><strong>Pri\u010dakovani rezultati<\/strong><\/h2>\n\n\n\n<p>Rezultat programa bo opolnomo\u010denje strokovnih delavcev VIZ za razvoj digitalnih strategij VIZ-a, strokovnih, pedago\u0161kih digitalnih kompetenc strokovnih delavcev in procesno razvijanje digitalnih kompetenc otrok, u\u010dencev in dijakov.<\/p>\n\n\n\n<h2 class=\"has-luminous-vivid-orange-color has-text-color wp-block-heading\" id=\"Konzorcijski-partnerji\"><strong>Konzorcijski partnerji<\/strong><\/h2>\n\n\n\n<ul class=\"wp-block-list\"><li>Zavod Republike Slovenije za \u0161olstvo (poslovode\u010di partner)<\/li><li><a href=\"http:\/\/www.arnes.si\/\" target=\"_blank\" rel=\"noreferrer noopener\">Akademska in raziskovalna mre\u017ea Slovenije \u2013&nbsp;ARNES<\/a><\/li><\/ul>\n\n\n\n<h2 class=\"has-luminous-vivid-orange-color has-text-color wp-block-heading\" id=\"Partnerji-projekta\"><strong>Partnerji projekta<\/strong><\/h2>\n\n\n\n<p>V izvajanje programa je vklju\u010denih 220 vzgojno-izobra\u017eevalnih zavodov oz. organizacijskih enot vzgojno-izobra\u017eevalnih zavodov, ki bodo izvedli predvidene aktivnosti, opredeljene&nbsp;<a href=\"https:\/\/www.zrss.si\/novice\/javni-poziv-za-izbor-sodelujocih-vzgojno-izobrazevalnih-zavodov-v-programu-dvig-digitalne-kompetentnosti\/\" target=\"_blank\" rel=\"noreferrer noopener\">v javnem pozivu za izbor sodelujo\u010dih vzgojno-izobra\u017eevalnih zavodov v programu Dvig digitalne kompetentnosti<\/a>. Zaposlenim v VIZ-ih, ki ne bodo vklju\u010deni&nbsp; v program (to so VIZ-i, ki se niso prijavili k sodelovanju), bo omogo\u010dena udele\u017eba na usposabljanjih, ki jih bosta izvajala konzorcijska partnerja.<\/p>\n\n\n\n<h2 class=\"has-luminous-vivid-orange-color has-text-color wp-block-heading\" id=\"Finan\u010dna-podpora\"><strong>Finan\u010dna podpora<\/strong><\/h2>\n\n\n\n<p>Skupna vi\u0161ina sredstev, namenjena za izvedbo projekta, je 1.950.000,00 EUR.<\/p>\n\n\n\n<p><a href=\"https:\/\/www.zrss.si\/projekti\/dvig-digitalne-kompetentnosti\/\">https:\/\/www.zrss.si\/projekti\/dvig-digitalne-kompetentnosti\/<\/a><\/p>\n","protected":false},"excerpt":{"rendered":"<p>Nalo\u017ebo sofinancirata Republika Slovenija in Evropska unija iz Evropskega socialnega sklada Namen&nbsp;projekta Dvig digitalne kompetentnosti je izbolj\u0161ati kakovost in u\u010dinkovitost izobra\u017eevanja in usposabljanj ter spodbujati razvoj inovativnih u\u010dnih okolij in pro\u017enih oblik u\u010denja, ki bodo prispevali k dvigu digitalnih kompetenc vodstvenih in strokovnih delavcev, otrok, u\u010dencev in dijakov. Cilj&nbsp;projekta je razvoj pro\u017enej\u0161ih oblik u\u010denja s pomo\u010djo u\u010dinkovite rabe digitalnih tehnologij v VIZ ter s tem spodbujanje strokovnih delavcev VIZ za reflektivno prakso, na\u010drtovanje ter udejanjanje lastnega strokovnega razvoja (digitalnih strategij VIZ-a, digitalnih kompetenc strokovnih delavcev in otrok\/u\u010dencev\/dijakov). Ciljne skupine, ki so vklju\u010dene v projekt, so vzgojno-izobra\u017eevalni zavodi, znotraj teh pa [&hellip;]<\/p>\n","protected":false},"author":35617,"featured_media":0,"parent":0,"menu_order":0,"comment_status":"closed","ping_status":"closed","template":"","meta":{"footnotes":""},"class_list":["post-7495","page","type-page","status-publish","hentry"],"_links":{"self":[{"href":"https:\/\/obdravinji.si\/index.php?rest_route=\/wp\/v2\/pages\/7495","targetHints":{"allow":["GET"]}}],"collection":[{"href":"https:\/\/obdravinji.si\/index.php?rest_route=\/wp\/v2\/pages"}],"about":[{"href":"https:\/\/obdravinji.si\/index.php?rest_route=\/wp\/v2\/types\/page"}],"author":[{"embeddable":true,"href":"https:\/\/obdravinji.si\/index.php?rest_route=\/wp\/v2\/users\/35617"}],"replies":[{"embeddable":true,"href":"https:\/\/obdravinji.si\/index.php?rest_route=%2Fwp%2Fv2%2Fcomments&post=7495"}],"version-history":[{"count":14,"href":"https:\/\/obdravinji.si\/index.php?rest_route=\/wp\/v2\/pages\/7495\/revisions"}],"predecessor-version":[{"id":7534,"href":"https:\/\/obdravinji.si\/index.php?rest_route=\/wp\/v2\/pages\/7495\/revisions\/7534"}],"wp:attachment":[{"href":"https:\/\/obdravinji.si\/index.php?rest_route=%2Fwp%2Fv2%2Fmedia&parent=7495"}],"curies":[{"name":"wp","href":"https:\/\/api.w.org\/{rel}","templated":true}]}}