{"id":6384,"date":"2021-09-28T18:28:40","date_gmt":"2021-09-28T16:28:40","guid":{"rendered":"https:\/\/osobdravinji.splet.arnes.si\/?page_id=6384"},"modified":"2026-01-25T21:15:41","modified_gmt":"2026-01-25T20:15:41","slug":"vpis-izpis-med-obdobjem-solanja","status":"publish","type":"page","link":"https:\/\/obdravinji.si\/?page_id=6384","title":{"rendered":"Vpis \/ izpis med obdobjem \u0161olanja"},"content":{"rendered":"\n<p><strong>VPIS NA O\u0160 OB DRAVINJI SLOVENSKE KONJICE<\/strong> <strong>(OD 2. DO 9. RAZREDA)<\/strong><\/p>\n\n\n\n<p><strong>ZAKONSKA PODLAGA<\/strong><\/p>\n\n\n\n<p>Vpis otrok v javno osnovno \u0161olo ureja&nbsp;<strong>Zakon o osnovni \u0161oli<\/strong>&nbsp;(Ur. l. RS, \u0161t. 81\/06, spremembe in dopolnitve Ur. l. RS \u0161t.; 102\/07, 107\/10, 87\/11, 40\/12 \u2013 ZUJF, 63\/13 IN 46\/16 \u2013 ZOFVI-K), ki v <strong>48. \u010dlenu<\/strong> navaja, da:<\/p>\n\n\n\n<p>Star\u0161i imajo pravico vpisati otroka v javno osnovno \u0161olo ali v zasebno osnovno \u0161olo s koncesijo v \u0161olskem okoli\u0161u, v katerem otrok&nbsp;<strong>stalno oziroma za\u010dasno prebiva<\/strong>, javna osnovna \u0161ola oziroma zasebna osnovna \u0161ola s koncesijo v tem okoli\u0161u, pa je dol\u017ena na \u017eeljo star\u0161ev otroka vpisati.<\/p>\n\n\n\n<p>Med \u0161olanjem lahko u\u010denec prestopi na drugo osnovno \u0161olo, \u010de ta \u0161ola s tem sogla\u0161a.<\/p>\n\n\n\n<p><strong>K \u0161olskemu okoli\u0161u O\u0160 Ob Dravinji spadajo naselja:<\/strong><\/p>\n\n\n\n<p>\u0160kalce, Slovenske Konjice \u2013 levi breg reke Dravinje (KS Slovenske Konjice), Bezina, Strtenik, Gabrovnik (KS Bezina), Brdo, Ve\u0161enik, (KS Ve\u0161enik \u2013 Brdo), Dobrne\u017e, Pre\u017eigal, Spodnja Pristava (KS Konji\u0161ka vas).<\/p>\n\n\n\n<p><strong>Na podru\u017eni\u010dno \u0161olo Tepanje se v 1. razred vpi\u0161ejo u\u010denci iz naselij:<\/strong><\/p>\n\n\n\n<p>Spodnje Gru\u0161ovje (KS Spodnje Gru\u0161ovje), Perovec, Tepanje, Tepanjski Vrh, Novo Tepanje (KS Tepanje).<\/p>\n\n\n\n<p><strong>Po kon\u010danem 5. razredu u\u010denci \u0161olanje nadaljujejo na mati\u010dni \u0161oli.<\/strong><\/p>\n\n\n\n<p><strong>VODENJE VPISNEGA POSTOPKA<\/strong><\/p>\n\n\n\n<p>Vpisni postopek vodi svetovalna delavka ga. Ingrid Dorner Radosavljevi\u0107. Ob nameri za vpis se na <strong>03 757 27 33 <\/strong>ali na <a href=\"mailto:svetovalna.sluzba@obdravinji.si\">svetovalna.sluzba@obdravinji.si<\/a> dogovorite za termin vpisa, ki ga opravite osebno v prostorih \u0161ole.<\/p>\n\n\n\n<p>Zaradi nujnosti upo\u0161tevanja ukrepov za prepre\u010devanje \u0161irjenja nalezljive bolezni napro\u0161amo da:<\/p>\n\n\n\n<ul class=\"wp-block-list\">\n<li>v \u0161olske prostore prihajate le, \u010de izpolnjujete pogoje PCT (prebolel, cepljen, testiran),<\/li>\n\n\n\n<li>ob prihodu v prostore \u0161ole upo\u0161tevate navodila strokovnih delavcev ter nosite za\u0161\u010ditno masko,<\/li>\n\n\n\n<li>vzdr\u017eujete potrebno medsebojno razdaljo 1,5 \u2013 2 m.<\/li>\n<\/ul>\n\n\n\n<p><strong>Za uspe\u0161no izveden vpisni postopek potrebujete:<\/strong><\/p>\n\n\n\n<ul class=\"wp-block-list\">\n<li>izpolnjeno in podpisano vlogo za vpis,<\/li>\n\n\n\n<li>izpolnjeno in podpisano soglasje drugega star\u0161a za vpis,<\/li>\n\n\n\n<li>osebni dokument otroka, ki ga vpisujete,<\/li>\n\n\n\n<li>potrdilo o prijavi stalnega\/za\u010dasnega prebivali\u0161\u010da v \u0161olskem okoli\u0161u O\u0160 Ob Dravinji Slovenske Konjice,<\/li>\n\n\n\n<li>potrdilo\/spri\u010devalo zadnjega (uspe\u0161no) zaklju\u010denega razreda osnovne \u0161ole (v kolikor gre za vpis iz druge dr\u017eave, mora biti spri\u010devalo prevedeno v slovenski jezik).<\/li>\n<\/ul>\n\n\n\n<p><strong>PREPIS NA DRUGO OSNOVNO \u0160OLO<\/strong><\/p>\n\n\n\n<p>V kolikor \u017eelite star\u0161i svojega otroka prepisati na drugo osnovno \u0161olo, je potrebno vzpostaviti kontakt s svetovalno slu\u017ebo \u0161ole, na katero \u017eelite otroka vpisati in se pri njih pozanimati, kako konkretno tam te\u010de vpisni postopek.<\/p>\n\n\n\n<p>Hkrati je potrebno na svetovalno slu\u017ebo O\u0160 Ob Dravinji nasloviti izpolnjeno Obvestilo o prepisu iz O\u0160 Ob Dravinji\/PO\u0160 Tepanje in izpolnjeno in podpisano soglasje drugega star\u0161a ob prepisu iz O\u0160 Ob Dravinji\/PO\u0160 Tepanje.<\/p>\n\n\n\n<p><strong>VLOGE, POTREBNE ZA VPIS\/IZPIS<\/strong><\/p>\n\n\n\n<div class=\"wp-block-file\"><a id=\"wp-block-file--media-60075f8c-419d-4d35-b9c1-91643a53350c\" href=\"https:\/\/obdravinji.si\/files\/2023\/02\/Vloga-za-vpis.pdf\">Vloga za vpis<\/a><a href=\"https:\/\/obdravinji.si\/files\/2023\/02\/Vloga-za-vpis.pdf\" class=\"wp-block-file__button wp-element-button\" download aria-describedby=\"wp-block-file--media-60075f8c-419d-4d35-b9c1-91643a53350c\">Download<\/a><\/div>\n\n\n\n<div class=\"wp-block-file\"><a id=\"wp-block-file--media-01a8eccf-8389-4397-9f90-4c3822cf85cf\" href=\"https:\/\/obdravinji.si\/files\/2021\/10\/Soglasje-drugega-star\u0161a-ob-vpisu-na-O\u0160-Ob-Dravinji.pdf\">Soglasje drugega star\u0161a za vpis na O\u0160 Ob Dravinji Slovenske Konjice\/PO\u0160 Tepanje<\/a><a href=\"https:\/\/obdravinji.si\/files\/2021\/10\/Soglasje-drugega-star\u0161a-ob-vpisu-na-O\u0160-Ob-Dravinji.pdf\" class=\"wp-block-file__button wp-element-button\" download aria-describedby=\"wp-block-file--media-01a8eccf-8389-4397-9f90-4c3822cf85cf\">Download<\/a><\/div>\n\n\n\n<div class=\"wp-block-file\"><a id=\"wp-block-file--media-a47aaa6c-f99a-4ae0-bef3-94236b326924\" href=\"https:\/\/obdravinji.si\/files\/2021\/10\/Obvestilo-o-prepisu.pdf\">Obvestilo o prepisu iz O\u0160 Ob Dravinji Slovenske Konjice\/PO\u0160 Tepanje<\/a><a href=\"https:\/\/obdravinji.si\/files\/2021\/10\/Obvestilo-o-prepisu.pdf\" class=\"wp-block-file__button wp-element-button\" download aria-describedby=\"wp-block-file--media-a47aaa6c-f99a-4ae0-bef3-94236b326924\">Download<\/a><\/div>\n\n\n\n<div class=\"wp-block-file\"><a id=\"wp-block-file--media-036872d5-6ed7-4320-b630-3cbe0080b232\" href=\"https:\/\/obdravinji.si\/files\/2021\/10\/Soglasje-drugega-star\u0161a-ob-prepisu-iz-O\u0160-Ob-Dravinji.pdf\">Soglasje drugega star\u0161e ob prepisu iz O\u0160 Ob Dravinji Slovenske Konjice\/PO\u0160 Tepanje<\/a><a href=\"https:\/\/obdravinji.si\/files\/2021\/10\/Soglasje-drugega-star\u0161a-ob-prepisu-iz-O\u0160-Ob-Dravinji.pdf\" class=\"wp-block-file__button wp-element-button\" download aria-describedby=\"wp-block-file--media-036872d5-6ed7-4320-b630-3cbe0080b232\">Download<\/a><\/div>\n","protected":false},"excerpt":{"rendered":"<p>VPIS NA O\u0160 OB DRAVINJI SLOVENSKE KONJICE (OD 2. DO 9. RAZREDA) ZAKONSKA PODLAGA Vpis otrok v javno osnovno \u0161olo ureja&nbsp;Zakon o osnovni \u0161oli&nbsp;(Ur. l. RS, \u0161t. 81\/06, spremembe in dopolnitve Ur. l. RS \u0161t.; 102\/07, 107\/10, 87\/11, 40\/12 \u2013 ZUJF, 63\/13 IN 46\/16 \u2013 ZOFVI-K), ki v 48. \u010dlenu navaja, da: Star\u0161i imajo pravico vpisati otroka v javno osnovno \u0161olo ali v zasebno osnovno \u0161olo s koncesijo v \u0161olskem okoli\u0161u, v katerem otrok&nbsp;stalno oziroma za\u010dasno prebiva, javna osnovna \u0161ola oziroma zasebna osnovna \u0161ola s koncesijo v tem okoli\u0161u, pa je dol\u017ena na \u017eeljo star\u0161ev otroka vpisati. Med \u0161olanjem lahko [&hellip;]<\/p>\n","protected":false},"author":35617,"featured_media":0,"parent":0,"menu_order":0,"comment_status":"closed","ping_status":"closed","template":"","meta":{"footnotes":""},"class_list":["post-6384","page","type-page","status-publish","hentry"],"_links":{"self":[{"href":"https:\/\/obdravinji.si\/index.php?rest_route=\/wp\/v2\/pages\/6384","targetHints":{"allow":["GET"]}}],"collection":[{"href":"https:\/\/obdravinji.si\/index.php?rest_route=\/wp\/v2\/pages"}],"about":[{"href":"https:\/\/obdravinji.si\/index.php?rest_route=\/wp\/v2\/types\/page"}],"author":[{"embeddable":true,"href":"https:\/\/obdravinji.si\/index.php?rest_route=\/wp\/v2\/users\/35617"}],"replies":[{"embeddable":true,"href":"https:\/\/obdravinji.si\/index.php?rest_route=%2Fwp%2Fv2%2Fcomments&post=6384"}],"version-history":[{"count":4,"href":"https:\/\/obdravinji.si\/index.php?rest_route=\/wp\/v2\/pages\/6384\/revisions"}],"predecessor-version":[{"id":15370,"href":"https:\/\/obdravinji.si\/index.php?rest_route=\/wp\/v2\/pages\/6384\/revisions\/15370"}],"wp:attachment":[{"href":"https:\/\/obdravinji.si\/index.php?rest_route=%2Fwp%2Fv2%2Fmedia&parent=6384"}],"curies":[{"name":"wp","href":"https:\/\/api.w.org\/{rel}","templated":true}]}}