{"id":3445,"date":"2020-04-06T08:45:14","date_gmt":"2020-04-06T06:45:14","guid":{"rendered":"http:\/\/osobdravinji.splet.arnes.si\/?page_id=3445"},"modified":"2026-01-25T21:20:44","modified_gmt":"2026-01-25T20:20:44","slug":"vpis-v-srednjo-solo-oz-poklicno-usmerjanje-in-svetovanje","status":"publish","type":"page","link":"https:\/\/obdravinji.si\/?page_id=3445","title":{"rendered":"Vpis v srednjo \u0161olo oz. poklicno usmerjanje in svetovanje"},"content":{"rendered":"\n<p>Spo\u0161tovani star\u0161i, dragi u\u010denci!<\/p>\n\n\n\n<p>Pred u\u010denci zaklju\u010dnih razredov se pojavlja veliko vpra\u0161anj, povezanih s prihodnostjo. Izbira poklica oz. srednje \u0161ole je v vsakem primeru zelo pomembna odlo\u010ditev za vsakega deveto\u0161olca. Potrebno je dobro poznati samega sebe, v veliko pomo\u010d pa so informacije o razli\u010dnih mo\u017enostih izobra\u017eevanja, zna\u010dilnostih posameznih poklicev in poklicnih podro\u010dij. U\u010denci imajo na voljo razli\u010dne srednje \u0161ole:<\/p>\n\n\n\n<ul class=\"wp-block-list\">\n<li>2 \u2013 LETNE SREDNJE POKLICNE \u0160OLE (NI\u017dJE POKLICNO IZOBRA\u017dEVANJE)<\/li>\n<\/ul>\n\n\n\n<p>Izbira je namenjena u\u010dencem, ki imajo v \u0161oli velike u\u010dne te\u017eave, njihova pot do poklica pa je tako kraj\u0161a in la\u017eja. Ta \u0161ola temelji na prakti\u010dnih znanjih, poudarjeno je pridobivanje konkretnih ve\u0161\u010din, ki jih bodo dijaki potrebovali pri svojem delu. Program zaklju\u010dijo z zaklju\u010dnim izpitom in se lahko takoj zaposlijo na delovnih mestih, kjer navadno delajo kot pomo\u010dniki drugim zaposlenim ali pa \u0161olanje nadaljujejo v 3 \u2013 letni srednji poklicni \u0161oli.<\/p>\n\n\n\n<ul class=\"wp-block-list\">\n<li>3 \u2013 LETNE SREDNJE POKLICNE \u0160OLE<\/li>\n<\/ul>\n\n\n\n<p>Poklicne \u0161ole, ki dijaka pripravijo na dolo\u010den poklic. \u010ce torej obiskujete npr. ra\u010dunalni\u0161ko 3\u2013letno srednjo \u0161olo, boste po kon\u010dani \u0161oli lahko samostojno delali na podro\u010dju ra\u010dunalni\u0161tva. Po tak\u0161ni \u0161oli se lahko takoj zaposlite, saj \u0161ola da zelo veliko prakti\u010dnih znanj, ima tudi obvezno prakso, kjer dijaki nabirajo izku\u0161nje pri delodajalcih. Na nekaterih poklicnih \u0161olah lahko po uspe\u0161no opravljenem zaklju\u010dnem izpitu izberete tudi t. i. program&nbsp;<em>+2<\/em>, kjer z dvema dodatnima letoma izobra\u017eevanja pridobite naziv.<\/p>\n\n\n\n<ul class=\"wp-block-list\">\n<li>4 \u2013 LETNE STROKOVNE OZ. TEHNI\u0160KE SREDNJE \u0160OLE<\/li>\n<\/ul>\n\n\n\n<p>Namenjene so u\u010dencem, ki imajo razvite u\u010dne navade, razmeroma dobre ocene v osnovni \u0161oli in ki jih izbrana smer zanima. Taka \u0161ola dijakom poda splo\u0161na znanja, poleg tega pa tudi dodatna znanja iz strokovnih predmetov. Tako so dijaki npr. po ekonomski srednji \u0161oli \u017ee pripravljeni na delo, lahko pa se izobra\u017eujejo dalje. Program se zaklju\u010di s&nbsp;poklicno maturo. Po \u017eelji lahko dijak zaklju\u010di tudi s splo\u0161no maturo, vendar mora opravljati v 4. letniku in na maturi dodaten (peti) predmet.<\/p>\n\n\n\n<ul class=\"wp-block-list\">\n<li>GIMNAZIJE<\/li>\n<\/ul>\n\n\n\n<p>4-letni srednje\u0161olski program, ki se zaklju\u010di s&nbsp;splo\u0161no maturo&nbsp;in pridobljenim nazivom&nbsp;gimnazijski maturant. Na gimnazijah u\u010denci pridobivajo splo\u0161no znanje, ki jih pripravi na vpis na vi\u0161je \u0161ole ali fakultete. Je najzahtevnej\u0161i program srednje\u0161olskega izobra\u017eevanja, ki zahteva redno delo, u\u010denje, dobre delovne navade in veliko vedo\u017eeljnosti ter radovednosti. Poleg splo\u0161nih gimnazij poznamo tudi usmerjene gimnazije kot so klasi\u010dna, \u0161kofijska, dramska, likovna, glasbena, \u0161portna, tehni\u0161ka in ekonomska. Tudi te gimnazije dajo dijakom splo\u0161na znanja, ob tem pa jih pripravijo tudi na vpis v vi\u0161jo \u0161olo ali fakulteto specifi\u010dne smeri (po ekonomski gimnaziji imajo dijaki \u017ee nekaj ve\u010d podlage za npr. ekonomsko fakulteto).<\/p>\n\n\n\n<p>Pristojno ministrstvo je v&nbsp;oktobru 2025&nbsp;objavilo Rokovnik za prijavo kandidatov in izvedbo vpisa v 1. letnik srednjih \u0161ol za \u0161olsko leto 2026\/2027. Rokovnik najdete na naslovu&nbsp;<a href=\"https:\/\/www.gov.si\/teme\/vpis-v-srednjo-solo\/\">https:\/\/www.gov.si\/teme\/vpis-v-srednjo-solo\/<\/a> .<\/p>\n\n\n\n<figure class=\"wp-block-table\"><table class=\"has-fixed-layout\"><tbody><tr><td>\u2192&nbsp;13. 2. 2026<\/td><td>Razpis za vpis v S\u0160<\/td><\/tr><tr><td><strong>13. 2. in 14. 2. 2026<\/strong><\/td><td>Informativni dnevi v S\u0160<\/td><\/tr><tr><td>\u2192&nbsp;4. 3. 2026<\/td><td>Prijave k preizkusu posebnih nadarjenosti, znanja in spretnosti in posredovanje dokazil o izpolnjevanju posebnega vpisnega pogoja (\u0161port)<\/td><\/tr><tr><td>&nbsp;med 7. in 21. 3. 2026<\/td><td>Opravljanje preizkusov posebnih nadarjenosti, znanja in spretnosti ter ugotavljanje izpolnjevanja posebnega vpisnega pogoja kandidatov za \u0161portne oddelke programa Gimnazija<\/td><\/tr><tr><td>23. 3. 2026<\/td><td>NPZ SLJ<\/td><\/tr><tr><td>25. 3. 2026<\/td><td>NPZ KEM<\/td><\/tr><tr><td>31. 3. 2026<\/td><td>NPZ MAT<\/td><\/tr><tr><td>\u2192&nbsp;&nbsp;27. 3. 2026<\/td><td>Posredovanje potrdil o opravljenih preizkusih in izpolnjevanju \u0161portnih pogojev<\/td><\/tr><tr><td><strong>\u2192&nbsp;&nbsp;2. 4. 2026<\/strong><\/td><td>Oddaja prijav za vpis v 1. letnik S\u0160 za \u0161olsko leto 2026\/27<\/td><\/tr><tr><td>9. 4. 2026 do 14.00<\/td><td>Javna objava \u0161tevil\u010dnega stanja prijav \u2013 internet<\/td><\/tr><tr><td>21. 4. 2026<\/td><td>Seznanitev z dose\u017eki NPZ<\/td><\/tr><tr><td><strong>\u2192&nbsp;6. 5. 2026&nbsp; do 15.00<\/strong><\/td><td>Zadnji rok za prenos prijave na drugo \u0161olo<\/td><\/tr><tr><td>\u2192&nbsp;1. 6. 2026<\/td><td>Javna objava&nbsp;omejitev vpisa&nbsp;in sprememb obsega razpisa<\/td><\/tr><tr><td><strong>Med 16. in 29. 6. 2026 do 14.00<\/strong><\/td><td>Vpis&nbsp;oz. izvedba 1. kroga izbirnega postopka \u2013 vpisani<\/td><\/tr><tr><td>\u2192&nbsp;19. 6. 2026 do 16.00<\/td><td>Objava&nbsp;spodnjih mej 1. kroga&nbsp;in&nbsp;rezultatov 1. kroga&nbsp;izbirnega postopka in seznanitev z mo\u017enostmi za 2. krog<\/td><\/tr><tr><td>\u2192&nbsp;24. 6. 2026 do 14.00<\/td><td>Prijava kandidatov, ki se niso uvrstili v 1. krog,&nbsp;za 2. krog&nbsp;izbirnega postopka<\/td><\/tr><tr><td>\u2192&nbsp;26. 6. 2026 do 14.00<\/td><td>Objava rezultatov 2. kroga izbirnega postopka<\/td><\/tr><tr><td>\u2192&nbsp;30. 6. 2026 do 14.00<\/td><td>Vpis kandidatov, ki so bili uspe\u0161ni v 2. krogu izbirnega postopka<\/td><\/tr><tr><td>\u2192&nbsp;2. 7. 2026 do 12.00<\/td><td>Objava \u0161e prostih mest za vpis<\/td><\/tr><tr><td>&nbsp;<\/td><td>\u2026 In vpis na ta prosta mesta do&nbsp;31. 8. 2026<\/td><\/tr><\/tbody><\/table><\/figure>\n\n\n\n<p>Na O\u0160 Ob Dravinji v mesecu novembru 2025 pri\u010denjamo s predstavitvami srednjih \u0161ol in drugimi dejavnostmi po naslednjem razporedu:<\/p>\n\n\n\n<figure class=\"wp-block-image size-full\"><img loading=\"lazy\" decoding=\"async\" width=\"763\" height=\"765\" src=\"https:\/\/obdravinji.si\/files\/2025\/10\/image-4.png\" alt=\"\" class=\"wp-image-14444\" srcset=\"https:\/\/obdravinji.si\/files\/2025\/10\/image-4.png 763w, https:\/\/obdravinji.si\/files\/2025\/10\/image-4-300x300.png 300w, https:\/\/obdravinji.si\/files\/2025\/10\/image-4-150x150.png 150w, https:\/\/obdravinji.si\/files\/2025\/10\/image-4-624x626.png 624w\" sizes=\"auto, (max-width: 763px) 100vw, 763px\" \/><\/figure>\n\n\n\n<p>Vabljeni tudi na Dan odprtih vrat \u0160olskega centra Celje, ki bo v torek, 21. 10. 2026 med 16.00 in 18.00 in na sprehode po Gimnaziji Celje Center (november 2025, obvezna prijava na <a href=\"https:\/\/info.gcc.si\/sprehodi-se-po-gcc\/\">https:\/\/info.gcc.si\/sprehodi-se-po-gcc\/<\/a>).<\/p>\n\n\n\n<p>V mesecu januarju 2026 vas bomo skupaj s star\u0161i povabili v \u0161olo na&nbsp;individualne svetovalne pogovore, kjer se bomo pogovorili o va\u0161ih \u017eeljah in namerah ter se podrobneje seznanili z rokovnikom.<\/p>\n\n\n\n<figure class=\"wp-block-image size-full\"><img loading=\"lazy\" decoding=\"async\" width=\"765\" height=\"585\" src=\"https:\/\/obdravinji.si\/files\/2025\/10\/image-3.png\" alt=\"\" class=\"wp-image-14443\" srcset=\"https:\/\/obdravinji.si\/files\/2025\/10\/image-3.png 765w, https:\/\/obdravinji.si\/files\/2025\/10\/image-3-300x229.png 300w, https:\/\/obdravinji.si\/files\/2025\/10\/image-3-624x477.png 624w\" sizes=\"auto, (max-width: 765px) 100vw, 765px\" \/><\/figure>\n\n\n\n<p>Nekaj uporabnih in koristnih povezav:<\/p>\n\n\n\n<ul class=\"wp-block-list\">\n<li>Informacije o vpisu v srednjo \u0161olo na naslovu:&nbsp;<a href=\"https:\/\/www.gov.si\/teme\/vpis-v-srednjo-solo\/\">https:\/\/www.gov.si\/teme\/vpis-v-srednjo-solo\/<\/a><\/li>\n\n\n\n<li>Spletni servis za poklicno orientacijo (opisi poklicev, programov, \u0161ol) na naslovu&nbsp;<a href=\"http:\/\/www.mojaizbira.si\/\">http:\/\/www.mojaizbira.si\/<\/a><\/li>\n\n\n\n<li>Opisi posameznih poklicev na naslovu:&nbsp;<a href=\"https:\/\/www.ess.gov.si\/ncips\/opisi-poklicev\">https:\/\/www.ess.gov.si\/ncips\/opisi-poklicev<\/a><\/li>\n\n\n\n<li>Predvidoma meseca junija vsako leto se lahko bodo\u010di dijaki potegujejo za razli\u010dne vrste \u0161tipendij. Vse informacije o \u0161tipendijah lahko dobite na spletni strani&nbsp;Javnega \u0161tipendijskega, razvojnega, invalidskega in pre\u017eivninskega sklada Republike Slovenije:&nbsp;<a href=\"http:\/\/www.sklad-kadri.si\/\">http:\/\/www.sklad-kadri.si<\/a><\/li>\n\n\n\n<li>Dodatne informacije o poklicih in srednjih \u0161olah:<\/li>\n<\/ul>\n\n\n\n<p><a href=\"https:\/\/slovenskesrednjesole.si\/\">Slovenske srednje \u0161ole<\/a><\/p>\n\n\n\n<p><a href=\"https:\/\/www.mojaizbira.si\/\" target=\"_blank\" rel=\"noreferrer noopener\">Moja izbira.si<\/a><\/p>\n\n\n\n<p><a href=\"https:\/\/www.kaminkako.si\/kudos#\/\" target=\"_blank\" rel=\"noreferrer noopener\">Kam in kako&nbsp;<\/a><\/p>\n\n\n\n<p><a href=\"https:\/\/www.dijaskisvet.si\/\" target=\"_blank\" rel=\"noreferrer noopener\">Dija\u0161ki svet<\/a><\/p>\n\n\n\n<p><a href=\"http:\/\/www.xn--srednjeole-69b.si\/\" target=\"_blank\" rel=\"noreferrer noopener\">Srednje \u0161ole.si<\/a><\/p>\n\n\n\n<p>\u010ce imate kak\u0161no vpra\u0161anje, predlog, pripombo ali \u017eeljo po individualnem svetovanju, lahko \u0161olskima svetovalnima delavkama pi\u0161ete ali ju pokli\u010dete na:<\/p>\n\n\n\n<p>Ingrid Dorner Radosavljevi\u0107 \u2013&nbsp;svetovalna.sluzba@obdravinji.si \u2013 03\/757-27-33<\/p>\n\n\n\n<p>Suzana Kov\u0161e Breznik \u2013 suzana.kovse@obdravinji.si \u2013 03\/757-27-37<\/p>\n\n\n\n<p><\/p>\n\n\n\n<div class=\"wp-block-file\"><a id=\"wp-block-file--media-5e3ae588-3601-46ff-b51f-729549cac795\" href=\"https:\/\/obdravinji.si\/files\/2025\/10\/Stipendiranje.pdf\">\u0160tipendiranje<\/a><a href=\"https:\/\/obdravinji.si\/files\/2025\/10\/Stipendiranje.pdf\" class=\"wp-block-file__button wp-element-button\" download aria-describedby=\"wp-block-file--media-5e3ae588-3601-46ff-b51f-729549cac795\">Download<\/a><\/div>\n\n\n\n<p><\/p>\n","protected":false},"excerpt":{"rendered":"<p>Spo\u0161tovani star\u0161i, dragi u\u010denci! Pred u\u010denci zaklju\u010dnih razredov se pojavlja veliko vpra\u0161anj, povezanih s prihodnostjo. Izbira poklica oz. srednje \u0161ole je v vsakem primeru zelo pomembna odlo\u010ditev za vsakega deveto\u0161olca. Potrebno je dobro poznati samega sebe, v veliko pomo\u010d pa so informacije o razli\u010dnih mo\u017enostih izobra\u017eevanja, zna\u010dilnostih posameznih poklicev in poklicnih podro\u010dij. U\u010denci imajo na voljo razli\u010dne srednje \u0161ole: Izbira je namenjena u\u010dencem, ki imajo v \u0161oli velike u\u010dne te\u017eave, njihova pot do poklica pa je tako kraj\u0161a in la\u017eja. Ta \u0161ola temelji na prakti\u010dnih znanjih, poudarjeno je pridobivanje konkretnih ve\u0161\u010din, ki jih bodo dijaki potrebovali pri svojem delu. Program [&hellip;]<\/p>\n","protected":false},"author":36039,"featured_media":0,"parent":0,"menu_order":0,"comment_status":"closed","ping_status":"closed","template":"","meta":{"footnotes":""},"class_list":["post-3445","page","type-page","status-publish","hentry"],"_links":{"self":[{"href":"https:\/\/obdravinji.si\/index.php?rest_route=\/wp\/v2\/pages\/3445","targetHints":{"allow":["GET"]}}],"collection":[{"href":"https:\/\/obdravinji.si\/index.php?rest_route=\/wp\/v2\/pages"}],"about":[{"href":"https:\/\/obdravinji.si\/index.php?rest_route=\/wp\/v2\/types\/page"}],"author":[{"embeddable":true,"href":"https:\/\/obdravinji.si\/index.php?rest_route=\/wp\/v2\/users\/36039"}],"replies":[{"embeddable":true,"href":"https:\/\/obdravinji.si\/index.php?rest_route=%2Fwp%2Fv2%2Fcomments&post=3445"}],"version-history":[{"count":15,"href":"https:\/\/obdravinji.si\/index.php?rest_route=\/wp\/v2\/pages\/3445\/revisions"}],"predecessor-version":[{"id":15373,"href":"https:\/\/obdravinji.si\/index.php?rest_route=\/wp\/v2\/pages\/3445\/revisions\/15373"}],"wp:attachment":[{"href":"https:\/\/obdravinji.si\/index.php?rest_route=%2Fwp%2Fv2%2Fmedia&parent=3445"}],"curies":[{"name":"wp","href":"https:\/\/api.w.org\/{rel}","templated":true}]}}