{"id":3439,"date":"2020-04-06T08:45:14","date_gmt":"2020-04-06T06:45:14","guid":{"rendered":"http:\/\/osobdravinji.splet.arnes.si\/?page_id=3439"},"modified":"2024-05-03T00:17:33","modified_gmt":"2024-05-02T22:17:33","slug":"obvezni-izbirni-predmeti","status":"publish","type":"page","link":"https:\/\/obdravinji.si\/?page_id=3439","title":{"rendered":"Obvezni izbirni predmeti"},"content":{"rendered":"<p>Poleg obveznih predmetov imajo u\u010denci v 7., 8. in 9. razredu tudi\u00a0<strong>IZBIRNE PREDMETE<\/strong>\u00a0iz:<\/p>\n<ul>\n<li>DRU\u017dBOSLOVNO-HUMANISTI\u010cNEGA SKLOPA in<\/li>\n<li>NARAVOSLOVNO-TEHNI\u0160KEGA SKLOPA.<\/li>\n<\/ul>\n<p><strong>\u00a0<\/strong><\/p>\n<p><strong>U\u010cENEC LAHKO IZBERE<\/strong>:<\/p>\n<ul>\n<li><strong><u>2 uri\u00a0<\/u><\/strong><u>izbirnih predmetov tedensko \u2013 OBVEZNO ali<\/u><\/li>\n<li><strong><u>3 ure<\/u><\/strong><u>, \u010de s tem sogla\u0161ajo njegovi star\u0161i.<\/u>To pomeni: \u010de se u\u010denec odlo\u010di za obiskovanje izbirnega predmeta, ki se izvaja\u00a0<u>dve\u00a0<\/u>uri tedensko lahko izbere\u00a0<u>dva enourna predmeta<\/u>, ali\u00a0<u>enega, ki se izvaja dve uri tedensko<\/u>\u00a0<em>(tuji jezik je edini izbirni predmet, ki traja dve uri tedensko).<\/em><\/li>\n<\/ul>\n<p><strong>\u010ce u\u010denec obiskuje glasbeno \u0161olo z javnim veljavnim programom, je lahko na predlog star\u0161ev opro\u0161\u010den sodelovanja pri izbirnih predmetih v celoti ali eno uro tedensko. Star\u0161i po junijskem roku za vpis v glasbeno \u0161olo za naslednje \u0161olsko leto osnovni \u0161oli posredujejo pisno vlogo, ki ji predlo\u017eijo potrdilo o vpisu otroka v glasbeno \u0161olo. V vlogi morajo navesti, ali \u017eelijo, da je otrok opro\u0161\u010den eno ali dve uri izbirnih predmetov. O oprostitvi odlo\u010da ravnatelj za posamezno \u0161olsko leto. \u010ce se u\u010denec vpi\u0161e v glasbeno \u0161olo v avgustovskem roku, je potrebno osnovni \u0161oli posredovati vlogo do 31. avgusta.<\/strong><\/p>\n<p><strong>\u00a0<\/strong><\/p>\n<p><strong>IZBIRNI PREDMETI:<\/strong><\/p>\n<ul>\n<li>So obvezni del pouka, neopravi\u010deno izostajanje od ur pouka ima za posledico\u00a0<strong>NEOPRAVI\u010cENO URO.<\/strong><\/li>\n<li>So ume\u0161\u010deni v urnik posameznega razreda.<\/li>\n<li>Predmeti se ocenjujejo s \u0161tevil\u010dnimi ocenami od 1 do 5. \u010ce ima u\u010denec ob koncu \u0161olskega leta negativno oceno pri izbirnem predmetu, opravlja popravni izpit. \u010ce izpita ne opravi, razred ponavlja.<\/li>\n<li>U\u010denec ima v za\u010detku \u0161olskega leta mesec dni \u010dasa (september) za spremembo \u2013 popravek izbirnega predmeta. Vklju\u010di se lahko v \u0161e proste skupine, ki so \u010dasovno usklajene z urnikom obveznih predmetov za njegov razred. Zaradi popravka ne more razpasti \u017ee formirana skupina ali nastati nova skupina.<\/li>\n<\/ul>\n<p><strong>\u00a0<\/strong><\/p>\n<p><strong>U\u010denci 7., 8. in 9. r. na Osnovni \u0161oli Ob Dravinji lahko v \u0161ol. letu 2024\/2025<\/strong>\u00a0izbirajo med slede\u010dimi izbirnimi predmeti (klikni na predmet, da se odpre opis predmeta):<\/p>\n<p><img loading=\"lazy\" decoding=\"async\" class=\"aligncenter size-full wp-image-11383\" src=\"https:\/\/obdravinji.si\/files\/2024\/05\/Izbirni-predmeti-po-razredih-2024-2025-7.-9.jpg\" alt=\"\" width=\"734\" height=\"547\" srcset=\"https:\/\/obdravinji.si\/files\/2024\/05\/Izbirni-predmeti-po-razredih-2024-2025-7.-9.jpg 734w, https:\/\/obdravinji.si\/files\/2024\/05\/Izbirni-predmeti-po-razredih-2024-2025-7.-9-300x224.jpg 300w, https:\/\/obdravinji.si\/files\/2024\/05\/Izbirni-predmeti-po-razredih-2024-2025-7.-9-624x465.jpg 624w\" sizes=\"auto, (max-width: 734px) 100vw, 734px\" \/><\/p>\n<ul>\n<li><strong><a href=\"https:\/\/obdravinji.si\/files\/2023\/04\/Filozofija-za-otroke-7.pdf\">IP Filozofija za otroke 7 &#8211; Kriti\u010dno mi\u0161ljenje<\/a><\/strong><\/li>\n<li><strong><a href=\"https:\/\/obdravinji.si\/files\/2023\/04\/Filozofija-za-otroke-8.pdf\">IP Filozofija za otroke 8 &#8211; Eti\u010dna raziskovanja<\/a><\/strong><\/li>\n<li><strong><a href=\"https:\/\/obdravinji.si\/files\/2023\/04\/Filozofija-za-otroke-9.pdf\">IP Filozofija za otroke 9 &#8211; Jaz in drugi<\/a><\/strong><\/li>\n<li><strong><a href=\"https:\/\/obdravinji.si\/files\/2024\/05\/IP-Geografija-Raziskovanje-domacega-kraja-in-varstvo-njegovega-okolja.pdf\">IP Geografija &#8211; Raziskovanje doma\u010dega kraja in varstvo njegovega okolja<\/a><\/strong><\/li>\n<li><strong><a href=\"https:\/\/obdravinji.si\/files\/2024\/05\/Gledaliski-klub-2024-2025.pdf\">IP Gledali\u0161ki klub<\/a> &#8211; <a href=\"https:\/\/obdravinji.si\/files\/2023\/04\/GLEDALISKI-KLUB-2023.pdf\">GLEDALI\u0160KI KLUB 2024-2025<\/a> <\/strong><\/li>\n<li><strong style=\"color: initial\"><a href=\"http:\/\/osobdravinji.splet.arnes.si\/files\/2020\/04\/IP-IS\u030cP-Nogomet.pdf\">IP I\u0160P Nogomet<\/a><\/strong><\/li>\n<li><strong><a href=\"https:\/\/obdravinji.si\/files\/2024\/05\/ISP-Odbojka.pdf\">IP I\u0160P Odbojka<\/a><\/strong><\/li>\n<li><strong><a href=\"http:\/\/osobdravinji.splet.arnes.si\/files\/2020\/04\/IP-Likovno-snovanje.pdf\">IP Likovno snovanje<\/a><\/strong><\/li>\n<li><strong><a href=\"https:\/\/obdravinji.si\/files\/2024\/05\/Literarni-klub.pdf\">IP Literarni klub<\/a><\/strong> &#8211; <strong><a href=\"https:\/\/obdravinji.si\/files\/2023\/04\/LITERARNI-KLUB-2023.pdf\">LITERARNI KLUB 2024-2025<\/a><\/strong><\/li>\n<li><strong><a href=\"https:\/\/obdravinji.si\/files\/2024\/05\/IP-Matematicna-delavnica-7.pdf\">IP Matemati\u010dna delavnica 7<\/a><\/strong><\/li>\n<li><strong><a href=\"https:\/\/obdravinji.si\/files\/2024\/05\/IP-Matematicna-delavnica-8.pdf\">IP Matemati\u010dna delavnica 8<\/a><\/strong><\/li>\n<li><strong><a href=\"http:\/\/osobdravinji.splet.arnes.si\/files\/2020\/04\/IP-Multimedija.pdf\">IP Multimedija<\/a><\/strong><\/li>\n<li><strong><a href=\"https:\/\/obdravinji.si\/files\/2022\/05\/Nacini-prehranjevanja.pdf\">IP Na\u010dini prehranjevanja<\/a><\/strong><\/li>\n<li><strong><a href=\"http:\/\/osobdravinji.splet.arnes.si\/files\/2020\/04\/IP-Nems\u030cc\u030cina.pdf\">IP Nem\u0161\u010dina<\/a><\/strong><\/li>\n<li><strong><a href=\"http:\/\/osobdravinji.splet.arnes.si\/files\/2020\/04\/IP-Obdelava-gradiv-Les.pdf\">IP Obdelava gradiv &#8211; Les<\/a><\/strong><\/li>\n<li><strong><a href=\"https:\/\/obdravinji.si\/files\/2024\/05\/IP-Okoljska-vzgoja.pdf\">IP Okoljska vzgoja<\/a><\/strong><\/li>\n<li><strong><a href=\"https:\/\/obdravinji.si\/files\/2024\/05\/IP-Poskusi-v-kemiji.pdf\">IP Poskusi v kemiji<\/a><\/strong><\/li>\n<li><strong><a href=\"http:\/\/osobdravinji.splet.arnes.si\/files\/2020\/04\/IP-Rac\u030cunalnis\u030cka-omrez\u030cja.pdf\">IP Ra\u010dunalni\u0161ka omre\u017eja<\/a><\/strong><\/li>\n<li><strong><a href=\"https:\/\/obdravinji.si\/files\/2024\/05\/IP-Risanje-v-geometriji-in-tehniki.pdf\">IP Risanje v geometriji in tehniki<\/a><\/strong><\/li>\n<li><strong><a href=\"https:\/\/obdravinji.si\/files\/2022\/05\/Sodobna-priprava-hrane.pdf\">IP Sodobna priprava hrane<\/a><\/strong><\/li>\n<li><strong><a href=\"https:\/\/obdravinji.si\/files\/2024\/05\/Solsko-novinarstvo.pdf\">IP \u0160olsko novinarstvo<\/a><\/strong> &#8211; <a href=\"https:\/\/obdravinji.si\/files\/2023\/04\/NOVINARSTVO-2023.pdf\">NOVINARSTVO 2024-2025<\/a><\/li>\n<li><strong><a href=\"https:\/\/obdravinji.si\/files\/2024\/05\/SSP-Sport-za-sprostitev.pdf\">IP \u0160port za sprostitev<\/a><\/strong><\/li>\n<li><strong><a href=\"https:\/\/obdravinji.si\/files\/2024\/05\/SZZ-Sport-za-zdravje.pdf\">IP \u0160port za zdravje<\/a><\/strong><\/li>\n<li><strong><a href=\"https:\/\/obdravinji.si\/files\/2024\/05\/IP-Turisticna-vzgoja.pdf\">IP Turisti\u010dna vzgoja<\/a><\/strong><\/li>\n<li><strong><a href=\"https:\/\/obdravinji.si\/files\/2024\/05\/IP-Umetnostna-zgodovina-Zivljenje-upodobljeno-v-umetnosti.pdf\">IP Umetnostna zgodovina &#8211; \u017divljenje upodobljeno v umetnosti<\/a><\/strong><\/li>\n<li><strong><a href=\"http:\/\/osobdravinji.splet.arnes.si\/files\/2020\/04\/IP-Urejanje-besedil.pdf\">IP Urejanje besedil<\/a><\/strong><\/li>\n<li><strong><a href=\"https:\/\/obdravinji.si\/files\/2022\/05\/Vzgoja-za-medije-TISK.pdf\">IP Vzgoja za medije &#8211; TISK<\/a><\/strong><\/li>\n<li><strong><a href=\"https:\/\/obdravinji.si\/files\/2024\/05\/IP-Zgodovina-Odkrivajmo-preteklost-svojega-kraja.pdf\">IP Zgodovina &#8211; Odkrivajmo preteklost svojega kraja<\/a><\/strong><\/li>\n<\/ul>\n<p><!--more--><\/p>\n<p><!--more--><\/p>\n<p><span style=\"color: #ff0000\"><strong>NAVODILA IN DOKUMENTI<\/strong><\/span><\/p>\n<p><a href=\"https:\/\/obdravinji.si\/files\/2024\/05\/Izbirni-predmeti-2024-2025.pdf\">Izbirni predmeti 2024-2025<\/a><\/p>\n<p><a href=\"https:\/\/obdravinji.si\/files\/2024\/05\/Izbirni-predmeti-2024-2025-Ponudba-izbirnih-predmetov.pdf\">Izbirni predmeti 2024-2025 &#8211; Ponudba izbirnih predmetov<\/a><\/p>\n<p><a href=\"https:\/\/obdravinji.si\/files\/2024\/05\/Izbirni-predmeti-2024-2025-Prijavnica.pdf\">Izbirni predmeti 2024-2025 &#8211; Prijavnica<\/a><\/p>\n<p><a href=\"https:\/\/obdravinji.si\/files\/2024\/05\/Izbirni-predmeti-Predlog-za-oprostitev-sodelovanja-pri-izbirnih-predmetih.pdf\">Izbirni predmeti &#8211; Predlog za oprostitev sodelovanja pri izbirnih predmetih<\/a><\/p>\n\n\n<p><\/p>\n","protected":false},"excerpt":{"rendered":"<p>Poleg obveznih predmetov imajo u\u010denci v 7., 8. in 9. razredu tudi\u00a0IZBIRNE PREDMETE\u00a0iz: DRU\u017dBOSLOVNO-HUMANISTI\u010cNEGA SKLOPA in NARAVOSLOVNO-TEHNI\u0160KEGA SKLOPA. \u00a0 U\u010cENEC LAHKO IZBERE: 2 uri\u00a0izbirnih predmetov tedensko \u2013 OBVEZNO ali 3 ure, \u010de s tem sogla\u0161ajo njegovi star\u0161i.To pomeni: \u010de se u\u010denec odlo\u010di za obiskovanje izbirnega predmeta, ki se izvaja\u00a0dve\u00a0uri tedensko lahko izbere\u00a0dva enourna predmeta, ali\u00a0enega, ki se izvaja dve uri tedensko\u00a0(tuji jezik je edini izbirni predmet, ki traja dve uri tedensko). \u010ce u\u010denec obiskuje glasbeno \u0161olo z javnim veljavnim programom, je lahko na predlog star\u0161ev opro\u0161\u010den sodelovanja pri izbirnih predmetih v celoti ali eno uro tedensko. Star\u0161i po junijskem roku [&hellip;]<\/p>\n","protected":false},"author":36039,"featured_media":0,"parent":0,"menu_order":0,"comment_status":"closed","ping_status":"closed","template":"","meta":{"footnotes":""},"class_list":["post-3439","page","type-page","status-publish","hentry"],"_links":{"self":[{"href":"https:\/\/obdravinji.si\/index.php?rest_route=\/wp\/v2\/pages\/3439","targetHints":{"allow":["GET"]}}],"collection":[{"href":"https:\/\/obdravinji.si\/index.php?rest_route=\/wp\/v2\/pages"}],"about":[{"href":"https:\/\/obdravinji.si\/index.php?rest_route=\/wp\/v2\/types\/page"}],"author":[{"embeddable":true,"href":"https:\/\/obdravinji.si\/index.php?rest_route=\/wp\/v2\/users\/36039"}],"replies":[{"embeddable":true,"href":"https:\/\/obdravinji.si\/index.php?rest_route=%2Fwp%2Fv2%2Fcomments&post=3439"}],"version-history":[{"count":42,"href":"https:\/\/obdravinji.si\/index.php?rest_route=\/wp\/v2\/pages\/3439\/revisions"}],"predecessor-version":[{"id":11416,"href":"https:\/\/obdravinji.si\/index.php?rest_route=\/wp\/v2\/pages\/3439\/revisions\/11416"}],"wp:attachment":[{"href":"https:\/\/obdravinji.si\/index.php?rest_route=%2Fwp%2Fv2%2Fmedia&parent=3439"}],"curies":[{"name":"wp","href":"https:\/\/api.w.org\/{rel}","templated":true}]}}