{"id":281,"date":"2019-09-04T20:12:40","date_gmt":"2019-09-04T18:12:40","guid":{"rendered":"http:\/\/osobdravinji.splet.arnes.si\/?page_id=281"},"modified":"2019-09-05T10:28:32","modified_gmt":"2019-09-05T08:28:32","slug":"programa-nadaljnje-vzpostavitve-ikt-infrastrukture-v-vzgoji-in-izobrazevanju","status":"publish","type":"page","link":"https:\/\/obdravinji.si\/?page_id=281","title":{"rendered":"Programa nadaljnje vzpostavitve IKT infrastrukture v vzgoji in izobra\u017eevanju"},"content":{"rendered":"<p><img loading=\"lazy\" decoding=\"async\" class=\"alignnone size-large wp-image-491\" src=\"http:\/\/osobdravinji.splet.arnes.si\/files\/2019\/09\/sio2020-1024x104.png\" alt=\"\" width=\"887\" height=\"90\" srcset=\"https:\/\/obdravinji.si\/files\/2019\/09\/sio2020-1024x104.png 1024w, https:\/\/obdravinji.si\/files\/2019\/09\/sio2020-300x30.png 300w, https:\/\/obdravinji.si\/files\/2019\/09\/sio2020-768x78.png 768w, https:\/\/obdravinji.si\/files\/2019\/09\/sio2020-544x55.png 544w, https:\/\/obdravinji.si\/files\/2019\/09\/sio2020-947x96.png 947w, https:\/\/obdravinji.si\/files\/2019\/09\/sio2020-624x63.png 624w, https:\/\/obdravinji.si\/files\/2019\/09\/sio2020.png 1355w\" sizes=\"auto, (max-width: 887px) 100vw, 887px\" \/><\/p>\n<p>1. Kratek opis operacije:<\/p>\n<p>Program nadaljnje vzpostavitve IKT infrastrukture v vzgoji in izobra\u017eevanju<\/p>\n<p>Cilj operacije je izbolj\u0161anje kompetenc in dose\u017ekov mladih ter ve\u010dja usposobljenost izobra\u017eevalcev prek ve\u010dje uporabe sodobne IKT pri pou\u010devanju in u\u010denju. Vzgojno-izobra\u017eevalnim zavodom se sofinancira izgradnja brez\u017ei\u010dnih omre\u017eij in nakup IKT opreme, razvija se e-storitve in e-vsebine.<\/p>\n<p>&nbsp;<\/p>\n<p>2. Logotipe EKP 2014-2020, MIZ\u0160, Arnes in SIO-2020:<\/p>\n<p><img loading=\"lazy\" decoding=\"async\" class=\"alignnone size-large wp-image-491\" src=\"http:\/\/osobdravinji.splet.arnes.si\/files\/2019\/09\/sio2020-1024x104.png\" alt=\"\" width=\"887\" height=\"90\" srcset=\"https:\/\/obdravinji.si\/files\/2019\/09\/sio2020-1024x104.png 1024w, https:\/\/obdravinji.si\/files\/2019\/09\/sio2020-300x30.png 300w, https:\/\/obdravinji.si\/files\/2019\/09\/sio2020-768x78.png 768w, https:\/\/obdravinji.si\/files\/2019\/09\/sio2020-544x55.png 544w, https:\/\/obdravinji.si\/files\/2019\/09\/sio2020-947x96.png 947w, https:\/\/obdravinji.si\/files\/2019\/09\/sio2020-624x63.png 624w, https:\/\/obdravinji.si\/files\/2019\/09\/sio2020.png 1355w\" sizes=\"auto, (max-width: 887px) 100vw, 887px\" \/><\/p>\n<p>3. Povezavo na spletno stran evropske kohezijske politike v Sloveniji:<\/p>\n<p><a href=\"http:\/\/www.eu-skladi.si\/\">www.eu-skladi.si<\/a><\/p>\n<p>&nbsp;<\/p>\n<p>4. Obrazlo\u017eitev vloge Evropske unije z naslednjo navedbo:<\/p>\n<p>Nalo\u017ebo sofinancirata Republika Slovenija in Evropska unija iz Evropskega sklada za regionalni razvoj.<\/p>\n<p>&nbsp;<\/p>\n<p>Ve\u010d podrobnosti o Programu nadaljnje vzpostavitve IKT infrastrukture v vzgoji in izobra\u017eevanju najdete na\u00a0<a href=\"https:\/\/www.arnes.si\/sio-2020\/\" target=\"_blank\">spletni strani<\/a>.<\/p>\n<p>&nbsp;<\/p>\n<p>Dodatne informacije lahko dobite na e-po\u0161tnem naslovu\u00a0<a href=\"mailto:sio-2020@arnes.si\">sio-2020@arnes.si<\/a>\u00a0in na telefonski \u0161tevilki (01) 479 88 55.<\/p>\n<p>&nbsp;<\/p>\n<p>Nalo\u017ebo sofinancirata Evropska unija iz Evropskega sklada za regionalni razvoj in Ministrstvo za izobra\u017eevanje, znanost in \u0161port.<\/p>\n","protected":false},"excerpt":{"rendered":"<p>1. Kratek opis operacije: Program nadaljnje vzpostavitve IKT infrastrukture v vzgoji in izobra\u017eevanju Cilj operacije je izbolj\u0161anje kompetenc in dose\u017ekov mladih ter ve\u010dja usposobljenost izobra\u017eevalcev prek ve\u010dje uporabe sodobne IKT pri pou\u010devanju in u\u010denju. Vzgojno-izobra\u017eevalnim zavodom se sofinancira izgradnja brez\u017ei\u010dnih omre\u017eij in nakup IKT opreme, razvija se e-storitve in e-vsebine. &nbsp; 2. Logotipe EKP 2014-2020, MIZ\u0160, Arnes in SIO-2020: 3. Povezavo na spletno stran evropske kohezijske politike v Sloveniji: www.eu-skladi.si &nbsp; 4. Obrazlo\u017eitev vloge Evropske unije z naslednjo navedbo: Nalo\u017ebo sofinancirata Republika Slovenija in Evropska unija iz Evropskega sklada za regionalni razvoj. &nbsp; Ve\u010d podrobnosti o Programu nadaljnje vzpostavitve IKT [&hellip;]<\/p>\n","protected":false},"author":34631,"featured_media":0,"parent":0,"menu_order":0,"comment_status":"closed","ping_status":"closed","template":"","meta":{"footnotes":""},"class_list":["post-281","page","type-page","status-publish","hentry"],"_links":{"self":[{"href":"https:\/\/obdravinji.si\/index.php?rest_route=\/wp\/v2\/pages\/281","targetHints":{"allow":["GET"]}}],"collection":[{"href":"https:\/\/obdravinji.si\/index.php?rest_route=\/wp\/v2\/pages"}],"about":[{"href":"https:\/\/obdravinji.si\/index.php?rest_route=\/wp\/v2\/types\/page"}],"author":[{"embeddable":true,"href":"https:\/\/obdravinji.si\/index.php?rest_route=\/wp\/v2\/users\/34631"}],"replies":[{"embeddable":true,"href":"https:\/\/obdravinji.si\/index.php?rest_route=%2Fwp%2Fv2%2Fcomments&post=281"}],"version-history":[{"count":2,"href":"https:\/\/obdravinji.si\/index.php?rest_route=\/wp\/v2\/pages\/281\/revisions"}],"predecessor-version":[{"id":493,"href":"https:\/\/obdravinji.si\/index.php?rest_route=\/wp\/v2\/pages\/281\/revisions\/493"}],"wp:attachment":[{"href":"https:\/\/obdravinji.si\/index.php?rest_route=%2Fwp%2Fv2%2Fmedia&parent=281"}],"curies":[{"name":"wp","href":"https:\/\/api.w.org\/{rel}","templated":true}]}}