{"id":277,"date":"2019-09-04T20:12:40","date_gmt":"2019-09-04T18:12:40","guid":{"rendered":"http:\/\/osobdravinji.splet.arnes.si\/?page_id=277"},"modified":"2022-06-20T18:26:58","modified_gmt":"2022-06-20T16:26:58","slug":"vremenska-postaja","status":"publish","type":"page","link":"https:\/\/obdravinji.si\/?page_id=277","title":{"rendered":"Vremenska postaja"},"content":{"rendered":"<h2 class=\"art-postheader\"><img loading=\"lazy\" decoding=\"async\" class=\"alignnone size-full wp-image-559\" src=\"http:\/\/osobdravinji.splet.arnes.si\/files\/2019\/09\/vremenskapostaja.jpg\" alt=\"\" width=\"338\" height=\"338\" srcset=\"https:\/\/obdravinji.si\/files\/2019\/09\/vremenskapostaja.jpg 338w, https:\/\/obdravinji.si\/files\/2019\/09\/vremenskapostaja-150x150.jpg 150w, https:\/\/obdravinji.si\/files\/2019\/09\/vremenskapostaja-300x300.jpg 300w, https:\/\/obdravinji.si\/files\/2019\/09\/vremenskapostaja-55x55.jpg 55w\" sizes=\"auto, (max-width: 338px) 100vw, 338px\" \/><\/h2>\n<div class=\"art-postcontent clearfix\">\n<div class=\"art-article\">\n<div><strong>Projekt VREMENSKA POSTAJA<\/strong><\/div>\n<div>&nbsp;<\/div>\n<div><strong>Koordinatorici:<\/strong>&nbsp;Jana Novak Vehovar in Simona Pozeb<\/div>\n<div>&nbsp;<\/div>\n<div><strong>\u010clani tima:<\/strong><\/div>\n<div><em>zaposleni: Vili Kokol in Stanko Polanec<\/em><\/div>\n<div><em>u\u010denci: Ja\u0161a Dietinger, Zara Hlastec, Luka Kuder, Rene \u0160kolc<\/em><\/div>\n<div><em>zunanji sodelavci: Jan Vahter in Franc Vahter<\/em><\/div>\n<div><em>za\u010detek: \u0161olsko leto 2017-2018<\/em><\/div>\n<div>&nbsp;<\/div>\n<div><strong>Cilji:<\/strong><\/div>\n<div><em>&#8211; seznanitev z zgodovino vremenskih postaj<\/em><\/div>\n<div><em>&#8211; seznanitev z aparaturami in merjenjem kazalnikov vremena<\/em><\/div>\n<div><em>&#8211; izdelava lastne vremenske postaje<\/em><\/div>\n<div><em>&#8211; zbiranje in obdelava podatkov<\/em><\/div>\n<div><em>&#8211; grafi\u010dna predstavitev podatkov<\/em><\/div>\n<div><em>&#8211; objava meritev na spletni strani \u0161ole<\/em><\/div>\n<div><em>&#8211; vklju\u010devanje u\u010dencev 8. in 9. razredov v a\u017eurno spremljanje podatkov o vremenu<\/em><\/div>\n<div>&#8211; v \u0161olskem letu 2019\/2020 so projektu sodelovali u\u010diteljica Jana Novak Vehovar in u\u010denki Tina Kuder&nbsp;ter Julija Dove\u010dar Brem\u0161ak<\/div>\n<\/div>\n<div>\n<hr><\/div>\n<div class=\"art-article\">\n<div>&nbsp;<\/div>\n<div style=\"text-align: center\"><a href=\"https:\/\/www.youtube.com\/watch?v=oENKDchEz50\" target=\"_blank\" rel=\"noopener noreferrer\">VIDEO<\/a><\/div>\n<\/div>\n<\/div>\n<div style=\"text-align: center\">\n<div>\n<hr><\/div>\n<h2>Podatki iz \u0161ol. leta&nbsp;&nbsp;2019\/2020<\/h2>\n<\/div>\n<ul>\n<li style=\"text-align: left\"><a href=\"http:\/\/osobdravinji.splet.arnes.si\/files\/2019\/09\/VremeGrafiSeptember.pdf\">2019-2020_VREME_sept<\/a><\/li>\n<li style=\"text-align: left\"><a href=\"http:\/\/osobdravinji.splet.arnes.si\/files\/2019\/09\/2019-2020_VREME_okt.pdf\">2019-2020_VREME_okt<\/a><\/li>\n<li style=\"text-align: left\"><a href=\"http:\/\/osobdravinji.splet.arnes.si\/files\/2019\/09\/2019-2020_VREME_nov.pdf\">2019-2020_VREME_nov<\/a><\/li>\n<li style=\"text-align: left\"><a href=\"http:\/\/osobdravinji.splet.arnes.si\/files\/2019\/09\/VremeGrafiDecember.pdf\">2019-2020_VREME_dec<\/a><\/li>\n<li style=\"text-align: left\"><a href=\"http:\/\/osobdravinji.splet.arnes.si\/files\/2019\/09\/vreme-januar.pdf\">2019-2020_VREME_jan<\/a><\/li>\n<li style=\"text-align: left\"><a href=\"http:\/\/osobdravinji.splet.arnes.si\/files\/2019\/09\/VremeGrafiFebruar-2020.pdf\">2019-2020_VREME_feb<\/a><\/li>\n<\/ul>\n<div style=\"text-align: center\">\n<div>\n<hr><\/div>\n<div>\n<h2>Podatki iz \u0161ol. leta 2018\/2019<\/h2>\n<\/div>\n<\/div>\n<div class=\"art-postcontent clearfix\">\n<div class=\"art-article\">\n<ul>\n<li style=\"text-align: left\"><a href=\"http:\/\/osobdravinji.splet.arnes.si\/files\/2019\/09\/2018-2019_VREME_april.pdf\">2018-2019_VREME_april<\/a><\/li>\n<li style=\"text-align: left\"><a href=\"http:\/\/osobdravinji.splet.arnes.si\/files\/2019\/09\/2018-2019_VREME_dec.pdf\">2018-2019_VREME_dec<\/a><\/li>\n<li style=\"text-align: left\"><a href=\"http:\/\/osobdravinji.splet.arnes.si\/files\/2019\/09\/2018-2019_VREME_feb.pdf\">2018-2019_VREME_feb<\/a><\/li>\n<li style=\"text-align: left\"><a href=\"http:\/\/osobdravinji.splet.arnes.si\/files\/2019\/09\/2018-2019_VREME_jan.pdf\">2018-2019_VREME_jan<\/a><\/li>\n<li style=\"text-align: left\"><a href=\"http:\/\/osobdravinji.splet.arnes.si\/files\/2019\/09\/2018-2019_VREME_maj.pdf\">2018-2019_VREME_maj<\/a><\/li>\n<li style=\"text-align: left\"><a href=\"http:\/\/osobdravinji.splet.arnes.si\/files\/2019\/09\/2018-2019_VREME_mar.pdf\">2018-2019_VREME_mar<\/a><\/li>\n<li style=\"text-align: left\"><a href=\"http:\/\/osobdravinji.splet.arnes.si\/files\/2019\/09\/2018-2019_VREME_nov.pdf\">2018-2019_VREME_nov<\/a><\/li>\n<li style=\"text-align: left\"><a href=\"http:\/\/osobdravinji.splet.arnes.si\/files\/2019\/09\/2018-2019_VREME_okt.pdf\">2018-2019_VREME_okt<\/a><\/li>\n<li style=\"text-align: left\"><a href=\"http:\/\/osobdravinji.splet.arnes.si\/files\/2019\/09\/2018-2019_VREME_sept.pdf\">2018-2019_VREME_sept<\/a><\/li>\n<li style=\"text-align: left\"><a href=\"http:\/\/osobdravinji.splet.arnes.si\/files\/2019\/09\/2018-2019VremeGrafiJunij.pdf\">2018-2019_VREME-junij<\/a><\/li>\n<\/ul>\n<\/div>\n<\/div>\n\n\n<p class=\"has-text-align-center\" style=\"font-size:34px\"><strong>\u0160olsko leto 2021- 2022<\/strong><\/p>\n\n\n\n<p>Po prekinitvi spremljanja podatkov v \u0161olskem letu 2020 \u2013 2021 zaradi ve\u010dkratnega zaprtja \u0161ol ob epidemiji covid 19, smo spet nazaj.<\/p>\n\n\n\n<p>Od leta 2017 vsakodnevno spremljamo podatke o temperaturi, zra\u010dnem tlaku, vla\u017enosti ozra\u010dja, koli\u010dini padavin in smeri vetra.<\/p>\n\n\n\n<p>Podatke skrbno zbirata Tina Kuder in Julija Dove\u010dar Brem\u0161ak. Ob koncu meseca podatke grafi\u010dno predstavita in potem jih objavimo na spletni strani \u0161ole.<\/p>\n\n\n\n<p>V tem \u0161olskem letu na\u010drtujemo predstavitev naprav in dela za u\u010dence 6. razredov v okviru razrednih ur.<\/p>\n\n\n\n<div class=\"wp-block-file\"><a href=\"https:\/\/obdravinji.si\/files\/2021\/10\/VremeGrafiSeptember2021.pdf\">September 2021<\/a><a href=\"https:\/\/obdravinji.si\/files\/2021\/10\/VremeGrafiSeptember2021.pdf\" class=\"wp-block-file__button\" download>Download<\/a><\/div>\n\n\n\n<div class=\"wp-block-file\"><a href=\"https:\/\/obdravinji.si\/files\/2021\/11\/VeterOktober2021.pdf\">Smer vetra &#8211; oktober 2021<\/a><a href=\"https:\/\/obdravinji.si\/files\/2021\/11\/VeterOktober2021.pdf\" class=\"wp-block-file__button\" download>Download<\/a><\/div>\n\n\n\n<div class=\"wp-block-file\"><a href=\"https:\/\/obdravinji.si\/files\/2021\/11\/VremeGrafiOktober2021.pdf\">Kazalniki vremena &#8211; oktober 2021<\/a><a href=\"https:\/\/obdravinji.si\/files\/2021\/11\/VremeGrafiOktober2021.pdf\" class=\"wp-block-file__button\" download>Download<\/a><\/div>\n\n\n\n<div class=\"wp-block-file\"><a href=\"https:\/\/obdravinji.si\/files\/2021\/12\/VeterNovember2021.pdf\">Smer vetra &#8211; november 2021<\/a><a href=\"https:\/\/obdravinji.si\/files\/2021\/12\/VeterNovember2021.pdf\" class=\"wp-block-file__button\" download>Download<\/a><\/div>\n\n\n\n<div class=\"wp-block-file\"><a href=\"https:\/\/obdravinji.si\/files\/2021\/12\/VremeGrafiNovember2021.pdf\">Kazalniki vremena &#8211; november 2021<\/a><a href=\"https:\/\/obdravinji.si\/files\/2021\/12\/VremeGrafiNovember2021.pdf\" class=\"wp-block-file__button\" download>Download<\/a><\/div>\n\n\n\n<div class=\"wp-block-file\"><a href=\"https:\/\/obdravinji.si\/files\/2022\/01\/VeterDecember2021.pdf\">Smer vetra &#8211; december 2021<\/a><a href=\"https:\/\/obdravinji.si\/files\/2022\/01\/VeterDecember2021.pdf\" class=\"wp-block-file__button\" download>Prenos<\/a><\/div>\n\n\n\n<div class=\"wp-block-file\"><a href=\"https:\/\/obdravinji.si\/files\/2022\/01\/VremeGrafiDecember2021.pdf\">Kazalniki vremena &#8211; december 2021<\/a><a href=\"https:\/\/obdravinji.si\/files\/2022\/01\/VremeGrafiDecember2021.pdf\" class=\"wp-block-file__button\" download>Prenos<\/a><\/div>\n\n\n\n<div class=\"wp-block-file\"><a href=\"https:\/\/obdravinji.si\/files\/2022\/02\/strani-neba-januar2022.pdf\">Smer vetra &#8211; januar 2022<\/a><a href=\"https:\/\/obdravinji.si\/files\/2022\/02\/strani-neba-januar2022.pdf\" class=\"wp-block-file__button\" download>Prenos<\/a><\/div>\n\n\n\n<div class=\"wp-block-file\"><a href=\"https:\/\/obdravinji.si\/files\/2022\/02\/VremeGrafiJanuar2022.pdf\">Kazalniki vremena &#8211; januar 2022<\/a><a href=\"https:\/\/obdravinji.si\/files\/2022\/02\/VremeGrafiJanuar2022.pdf\" class=\"wp-block-file__button\" download>Prenos<\/a><\/div>\n\n\n\n<div class=\"wp-block-file\"><a href=\"https:\/\/obdravinji.si\/files\/2022\/03\/SmerVetraFebruar2022.pdf\">Smer vetra &#8211; februar 2022<\/a><a href=\"https:\/\/obdravinji.si\/files\/2022\/03\/SmerVetraFebruar2022.pdf\" class=\"wp-block-file__button\" download>Prenos<\/a><\/div>\n\n\n\n<div class=\"wp-block-file\"><a href=\"https:\/\/obdravinji.si\/files\/2022\/03\/VremeGrafiFebruar2022.pdf\">Kazalniki vremena &#8211; februar 2022<\/a><a href=\"https:\/\/obdravinji.si\/files\/2022\/03\/VremeGrafiFebruar2022.pdf\" class=\"wp-block-file__button\" download>Prenos<\/a><\/div>\n\n\n\n<div class=\"wp-block-file\"><a href=\"https:\/\/obdravinji.si\/files\/2022\/04\/GrafiVeter-Marec-2022.pdf\">Smer vetra &#8211; marec 2022<\/a><a href=\"https:\/\/obdravinji.si\/files\/2022\/04\/GrafiVeter-Marec-2022.pdf\" class=\"wp-block-file__button\" download>Prenos<\/a><\/div>\n\n\n\n<div class=\"wp-block-file\"><a href=\"https:\/\/obdravinji.si\/files\/2022\/04\/VremeGrafiMarec2022.pdf\">Kazalniki vremena &#8211; marec 2022<\/a><a href=\"https:\/\/obdravinji.si\/files\/2022\/04\/VremeGrafiMarec2022.pdf\" class=\"wp-block-file__button\" download>Prenos<\/a><\/div>\n\n\n\n<div class=\"wp-block-file\"><a href=\"https:\/\/obdravinji.si\/files\/2022\/05\/VeterApril2022.pdf\">Smer vetra &#8211; april 2022<\/a><a href=\"https:\/\/obdravinji.si\/files\/2022\/05\/VeterApril2022.pdf\" class=\"wp-block-file__button\" download>Prenos<\/a><\/div>\n\n\n\n<div class=\"wp-block-file\"><a href=\"https:\/\/obdravinji.si\/files\/2022\/05\/VremeGrafiApril2022.pdf\">Kazalniki vremena &#8211; april 2022<\/a><a href=\"https:\/\/obdravinji.si\/files\/2022\/05\/VremeGrafiApril2022.pdf\" class=\"wp-block-file__button\" download>Prenos<\/a><\/div>\n\n\n\n<div class=\"wp-block-file\"><a href=\"https:\/\/obdravinji.si\/files\/2022\/06\/SmeriVetraMaj2022.pdf\">Smer vetra &#8211; maj 2022<\/a><a href=\"https:\/\/obdravinji.si\/files\/2022\/06\/SmeriVetraMaj2022.pdf\" class=\"wp-block-file__button\" download>Prenos<\/a><\/div>\n\n\n\n<div class=\"wp-block-file\"><a href=\"https:\/\/obdravinji.si\/files\/2022\/06\/VremeGrafiMaj2022.pdf\">Kazalniki vremena &#8211; maj 2022<\/a><a href=\"https:\/\/obdravinji.si\/files\/2022\/06\/VremeGrafiMaj2022.pdf\" class=\"wp-block-file__button\" download>Prenos<\/a><\/div>\n","protected":false},"excerpt":{"rendered":"<p>Projekt VREMENSKA POSTAJA &nbsp; Koordinatorici:&nbsp;Jana Novak Vehovar in Simona Pozeb &nbsp; \u010clani tima: zaposleni: Vili Kokol in Stanko Polanec u\u010denci: Ja\u0161a Dietinger, Zara Hlastec, Luka Kuder, Rene \u0160kolc zunanji sodelavci: Jan Vahter in Franc Vahter za\u010detek: \u0161olsko leto 2017-2018 &nbsp; Cilji: &#8211; seznanitev z zgodovino vremenskih postaj &#8211; seznanitev z aparaturami in merjenjem kazalnikov vremena &#8211; izdelava lastne vremenske postaje &#8211; zbiranje in obdelava podatkov &#8211; grafi\u010dna predstavitev podatkov &#8211; objava meritev na spletni strani \u0161ole &#8211; vklju\u010devanje u\u010dencev 8. in 9. razredov v a\u017eurno spremljanje podatkov o vremenu &#8211; v \u0161olskem letu 2019\/2020 so projektu sodelovali u\u010diteljica Jana Novak [&hellip;]<\/p>\n","protected":false},"author":34631,"featured_media":0,"parent":0,"menu_order":0,"comment_status":"closed","ping_status":"closed","template":"","meta":{"footnotes":""},"class_list":["post-277","page","type-page","status-publish","hentry"],"_links":{"self":[{"href":"https:\/\/obdravinji.si\/index.php?rest_route=\/wp\/v2\/pages\/277","targetHints":{"allow":["GET"]}}],"collection":[{"href":"https:\/\/obdravinji.si\/index.php?rest_route=\/wp\/v2\/pages"}],"about":[{"href":"https:\/\/obdravinji.si\/index.php?rest_route=\/wp\/v2\/types\/page"}],"author":[{"embeddable":true,"href":"https:\/\/obdravinji.si\/index.php?rest_route=\/wp\/v2\/users\/34631"}],"replies":[{"embeddable":true,"href":"https:\/\/obdravinji.si\/index.php?rest_route=%2Fwp%2Fv2%2Fcomments&post=277"}],"version-history":[{"count":30,"href":"https:\/\/obdravinji.si\/index.php?rest_route=\/wp\/v2\/pages\/277\/revisions"}],"predecessor-version":[{"id":7445,"href":"https:\/\/obdravinji.si\/index.php?rest_route=\/wp\/v2\/pages\/277\/revisions\/7445"}],"wp:attachment":[{"href":"https:\/\/obdravinji.si\/index.php?rest_route=%2Fwp%2Fv2%2Fmedia&parent=277"}],"curies":[{"name":"wp","href":"https:\/\/api.w.org\/{rel}","templated":true}]}}