{"id":195,"date":"2019-09-04T20:06:57","date_gmt":"2019-09-04T18:06:57","guid":{"rendered":"http:\/\/osobdravinji.splet.arnes.si\/?page_id=195"},"modified":"2025-01-13T11:39:48","modified_gmt":"2025-01-13T10:39:48","slug":"solski-koledar","status":"publish","type":"page","link":"https:\/\/obdravinji.si\/?page_id=195","title":{"rendered":"\u0160olski koledar"},"content":{"rendered":"\n<figure class=\"wp-block-table\"><table class=\"has-blush-light-purple-gradient-background has-background\"><thead><tr><th>Datum&nbsp;&nbsp;&nbsp;&nbsp;&nbsp;&nbsp;&nbsp;&nbsp;&nbsp;&nbsp;&nbsp;&nbsp;&nbsp;&nbsp;&nbsp;&nbsp;&nbsp;&nbsp;&nbsp;&nbsp;&nbsp;&nbsp;&nbsp;&nbsp;<\/th><th>Aktivnost<\/th><\/tr><\/thead><tbody><tr><td>2.&nbsp;9.<\/td><td>za\u010detek pouka<\/td><\/tr><tr><td>28.&nbsp;10.&nbsp;&#8211;&nbsp;1.&nbsp;11.<\/td><td>jesenske po\u010ditnice<\/td><\/tr><tr><td>31.&nbsp;10.<\/td><td>dan reformacije<\/td><\/tr><tr><td>1.&nbsp;11.<\/td><td>dan spomina na mrtve<\/td><\/tr><tr><td>25.&nbsp;12.<\/td><td>bo\u017ei\u010d<\/td><\/tr><tr><td>26.&nbsp;12.<\/td><td>dan samostojnosti in enotnosti<\/td><\/tr><tr><td>&nbsp;25.&nbsp;12.&nbsp;&#8211;&nbsp;2.&nbsp;1.<\/td><td>novoletne po\u010ditnice<\/td><\/tr><tr><td>1.&nbsp;1.&nbsp;&#8211;&nbsp;2.&nbsp;1.<\/td><td>novo leto<\/td><\/tr><tr><td>3.&nbsp;1.&nbsp;<\/td><td>pouka prost dan v skladu z drugim odstavkom 7. \u010dlena Pravilnika o \u0161olskem koledarju za osnovne \u0161ole<\/td><\/tr><tr><td>31.&nbsp;1.<\/td><td>zaklju\u010dek 1. ocenjevalnega obdobja<\/td><\/tr><tr><td>8.&nbsp;2.<\/td><td>Pre\u0161ernov dan, slovenski kulturni praznik<\/td><\/tr><tr><td>14.&nbsp;2&nbsp;&#8211;&nbsp;15.&nbsp;2.<\/td><td>informativna dneva za vpis v srednje \u0161ole<\/td><\/tr><tr><td>17.&nbsp;2.&nbsp;&#8211;&nbsp;21.&nbsp;2.<\/td><td>zimske po\u010ditnice za u\u010dence z obmo\u010dja jugovzhodne Slovenije (razen ob\u010din: Ribnica, Sodra\u017eica, Lo\u0161ki Potok, Ko\u010devje, Osilnica in Kostel), koro\u0161ke, podravske, pomurske, savinjske in posavske statisti\u010dne regije<\/td><\/tr><tr><td>24.&nbsp;2.&nbsp;&#8211;&nbsp;28.&nbsp;2.<\/td><td>zimske po\u010ditnice za u\u010dence z obmo\u010dja gorenjske, gori\u0161ke, notranjsko-kra\u0161ke, obalno-kra\u0161ke, osrednjeslovenske in zasavske statisti\u010dne regije ter ob\u010din jugovzhodne Slovenije: Ribnica, Sodra\u017eica, Lo\u0161ki Potok, Ko\u010devje, Osilnica in Kostel<\/td><\/tr><tr><td>21.&nbsp;4.<\/td><td>velikono\u010dni ponedeljek<\/td><\/tr><tr><td>27.&nbsp;4.<\/td><td>dan upora proti okupatorju<\/td><\/tr><tr><td>27.&nbsp;4.&nbsp;&#8211;&nbsp;2.&nbsp;5.<\/td><td>prvomajske po\u010ditnice<\/td><\/tr><tr><td>1.&nbsp;5.&nbsp;&#8211;&nbsp;2.&nbsp;5.<\/td><td>praznik dela<\/td><\/tr><tr><td>13.&nbsp;6.<\/td><td>zaklju\u010dek 2. ocenjevalnega obdobja za u\u010dence 9. razreda; razdelitev spri\u010deval in obvestil<\/td><\/tr><tr><td>24.&nbsp;6.<\/td><td>zaklju\u010dek 2. ocenjevalnega obdobja za u\u010dence od 1. do 8. razreda; razdelitev spri\u010deval in obvestil<\/td><\/tr><tr><td>25.&nbsp;6.<\/td><td>dan dr\u017eavnosti<\/td><\/tr><tr><td>26.&nbsp;6.&nbsp;&#8211;&nbsp;31.&nbsp;8.<\/td><td>poletne po\u010ditnice<\/td><\/tr><\/tbody><\/table><\/figure>\n","protected":false},"excerpt":{"rendered":"<p>Datum&nbsp;&nbsp;&nbsp;&nbsp;&nbsp;&nbsp;&nbsp;&nbsp;&nbsp;&nbsp;&nbsp;&nbsp;&nbsp;&nbsp;&nbsp;&nbsp;&nbsp;&nbsp;&nbsp;&nbsp;&nbsp;&nbsp;&nbsp;&nbsp; Aktivnost 2.&nbsp;9. za\u010detek pouka 28.&nbsp;10.&nbsp;&#8211;&nbsp;1.&nbsp;11. jesenske po\u010ditnice 31.&nbsp;10. dan reformacije 1.&nbsp;11. dan spomina na mrtve 25.&nbsp;12. bo\u017ei\u010d 26.&nbsp;12. dan samostojnosti in enotnosti &nbsp;25.&nbsp;12.&nbsp;&#8211;&nbsp;2.&nbsp;1. novoletne po\u010ditnice 1.&nbsp;1.&nbsp;&#8211;&nbsp;2.&nbsp;1. novo leto 3.&nbsp;1.&nbsp; pouka prost dan v skladu z drugim odstavkom 7. \u010dlena Pravilnika o \u0161olskem koledarju za osnovne \u0161ole 31.&nbsp;1. zaklju\u010dek 1. ocenjevalnega obdobja 8.&nbsp;2. Pre\u0161ernov dan, slovenski kulturni praznik 14.&nbsp;2&nbsp;&#8211;&nbsp;15.&nbsp;2. informativna dneva za vpis v srednje \u0161ole 17.&nbsp;2.&nbsp;&#8211;&nbsp;21.&nbsp;2. zimske po\u010ditnice za u\u010dence z obmo\u010dja jugovzhodne Slovenije (razen ob\u010din: Ribnica, Sodra\u017eica, Lo\u0161ki Potok, Ko\u010devje, Osilnica in Kostel), koro\u0161ke, podravske, pomurske, savinjske in posavske statisti\u010dne regije 24.&nbsp;2.&nbsp;&#8211;&nbsp;28.&nbsp;2. zimske po\u010ditnice za u\u010dence z obmo\u010dja [&hellip;]<\/p>\n","protected":false},"author":34631,"featured_media":0,"parent":0,"menu_order":0,"comment_status":"closed","ping_status":"closed","template":"","meta":{"footnotes":""},"class_list":["post-195","page","type-page","status-publish","hentry"],"_links":{"self":[{"href":"https:\/\/obdravinji.si\/index.php?rest_route=\/wp\/v2\/pages\/195","targetHints":{"allow":["GET"]}}],"collection":[{"href":"https:\/\/obdravinji.si\/index.php?rest_route=\/wp\/v2\/pages"}],"about":[{"href":"https:\/\/obdravinji.si\/index.php?rest_route=\/wp\/v2\/types\/page"}],"author":[{"embeddable":true,"href":"https:\/\/obdravinji.si\/index.php?rest_route=\/wp\/v2\/users\/34631"}],"replies":[{"embeddable":true,"href":"https:\/\/obdravinji.si\/index.php?rest_route=%2Fwp%2Fv2%2Fcomments&post=195"}],"version-history":[{"count":11,"href":"https:\/\/obdravinji.si\/index.php?rest_route=\/wp\/v2\/pages\/195\/revisions"}],"predecessor-version":[{"id":13054,"href":"https:\/\/obdravinji.si\/index.php?rest_route=\/wp\/v2\/pages\/195\/revisions\/13054"}],"wp:attachment":[{"href":"https:\/\/obdravinji.si\/index.php?rest_route=%2Fwp%2Fv2%2Fmedia&parent=195"}],"curies":[{"name":"wp","href":"https:\/\/api.w.org\/{rel}","templated":true}]}}