{"id":1939,"date":"2019-12-12T08:20:18","date_gmt":"2019-12-12T07:20:18","guid":{"rendered":"http:\/\/osobdravinji.splet.arnes.si\/?page_id=1939"},"modified":"2023-09-03T06:23:58","modified_gmt":"2023-09-03T04:23:58","slug":"solska-svetovalna-sluzba","status":"publish","type":"page","link":"https:\/\/obdravinji.si\/?page_id=1939","title":{"rendered":"\u0160olska svetovalna slu\u017eba"},"content":{"rendered":"<p>Temeljni vzgojno-izobra\u017eevalni cilj vrtca oziroma \u0161ole ter v tem okviru tudi temeljni cilj svetovalne slu\u017ebe v vrtcu oziroma \u0161oli je optimalni razvoj otroka ne glede na spol, socialno in kulturno poreklo, veroizpoved, narodno pripadnost ter telesno in du\u0161evno konstitucijo. Svetovalna slu\u017eba v vrtcu oziroma \u0161oli pomaga in sodeluje z osnovnim namenom, da bi bili vsi posamezni udele\u017eenci v vrtcu oziroma \u0161oli in vzgojno-izobra\u017eevalna ustanova kot celota \u010dimbolj uspe\u0161ni pri uresni\u010devanju temeljnega in v tem okviru vseh drugih sistemsko zastavljenih splo\u0161nih in posebnih vzgojno-izobra\u017eevalnih ciljev.<\/p>\n<p>Svetovalna slu\u017eba v vrtcu oziroma \u0161oli opravlja interdisciplinarno zasnovano strokovno delo v vrtcu za vrtec oziroma v \u0161oli za \u0161olo. Njena temeljna naloga je, da se na podlagi svojega posebnega strokovnega znanja preko svetovalnega odnosa in na strokovno avtonomni na\u010din vklju\u010duje v kompleksno re\u0161evanje pedago\u0161kih, psiholo\u0161kih in socialnih vpra\u0161anj vzgojno-izobra\u017eevalnega dela v vrtcu oziroma \u0161oli, s tem da pomaga in sodeluje z vsemi udele\u017eenci v vrtcu oziroma \u0161oli in po potrebi tudi z ustreznimi zunanjimi ustanovami.<\/p>\n<p>Svetovalna slu\u017eba se vklju\u010duje v kompleksno re\u0161evanje pedago\u0161kih, psiholo\u0161kih in socialnih vpra\u0161anj v vrtcu oziroma \u0161oli preko treh osnovnih, med seboj povezanih in pogosto prepletenih vrst dejavnosti svetovalne slu\u017ebe:<\/p>\n<ul>\n<li>dejavnosti pomo\u010di,<\/li>\n<li>razvojnih in preventivnih dejavnosti ter<\/li>\n<li>dejavnosti na\u010drtovanja in evalvacije.<\/li>\n<\/ul>\n<p>Svetovalna slu\u017eba preko teh treh osnovnih vrst dejavnosti pomaga vsem mo\u017enim udele\u017eencem v vrtcu oziroma \u0161oli (otrokom, u\u010dencem, vajencem, dijakom, vzgojiteljem, u\u010diteljem, vodstvu, star\u0161em) in z njimi sodeluje na naslednjih podro\u010djih vsakdanjega \u017eivljenja in dela v vrtcu oziroma \u0161oli:<\/p>\n<ul>\n<li>u\u010denja in pou\u010devanja (oziroma igre in pou\u010devanja v vrtcu),<\/li>\n<li>\u0161olske kulture, vzgoje, klime in reda (oziroma kulture, vzgoje, klime in reda v vrtcu),<\/li>\n<li>telesnega, osebnega (spoznavnega in \u010dustvenega) in socialnega razvoja,<\/li>\n<li>\u0161olanja in poklicne orientacije (oziroma sprejema otrok v vrtec in njihovega prehoda v \u0161olo)<\/li>\n<li>ter na podro\u010dju socialno-ekonomskih stisk.<\/li>\n<\/ul>\n<p>(Vir: Programske smernice za svetovalno slu\u017ebo v osnovni \u0161oli)<\/p>\n<p>\u0160olsko svetovalno delo na \u0161oli opravljata pedagoginja Suzana Kov\u0161e Breznik in Nina Sekirnik.<\/p>\n<p><strong>Kontakt:<\/strong><\/p>\n<p>Ingrid Dorner Radosavljevi\u0107 &#8211;\u00a0<a href=\"mailto:svetovalna.sluzba@obdravinji.si\">svetovalna.sluzba@obdravinji.si<\/a> &#8211; 03\/757-27-33<\/p>\n<p>Suzana Kov\u0161e Breznik &#8211; <a href=\"mailto:suzana.kovse@obdravinji.si\">suzana.kovse@obdravinji.si<\/a> &#8211; 03\/757-27-37<\/p>\n<p>Delovni \u010das \u0161olske svetovalne slu\u017ebe je vsak dan od 8.00 do 14.00 in v \u010dasu popoldanskih govorilnih ur.<\/p>\n","protected":false},"excerpt":{"rendered":"<p>Temeljni vzgojno-izobra\u017eevalni cilj vrtca oziroma \u0161ole ter v tem okviru tudi temeljni cilj svetovalne slu\u017ebe v vrtcu oziroma \u0161oli je optimalni razvoj otroka ne glede na spol, socialno in kulturno poreklo, veroizpoved, narodno pripadnost ter telesno in du\u0161evno konstitucijo. Svetovalna slu\u017eba v vrtcu oziroma \u0161oli pomaga in sodeluje z osnovnim namenom, da bi bili vsi posamezni udele\u017eenci v vrtcu oziroma \u0161oli in vzgojno-izobra\u017eevalna ustanova kot celota \u010dimbolj uspe\u0161ni pri uresni\u010devanju temeljnega in v tem okviru vseh drugih sistemsko zastavljenih splo\u0161nih in posebnih vzgojno-izobra\u017eevalnih ciljev. Svetovalna slu\u017eba v vrtcu oziroma \u0161oli opravlja interdisciplinarno zasnovano strokovno delo v vrtcu za vrtec oziroma [&hellip;]<\/p>\n","protected":false},"author":36039,"featured_media":0,"parent":0,"menu_order":0,"comment_status":"closed","ping_status":"closed","template":"","meta":{"footnotes":""},"class_list":["post-1939","page","type-page","status-publish","hentry"],"_links":{"self":[{"href":"https:\/\/obdravinji.si\/index.php?rest_route=\/wp\/v2\/pages\/1939","targetHints":{"allow":["GET"]}}],"collection":[{"href":"https:\/\/obdravinji.si\/index.php?rest_route=\/wp\/v2\/pages"}],"about":[{"href":"https:\/\/obdravinji.si\/index.php?rest_route=\/wp\/v2\/types\/page"}],"author":[{"embeddable":true,"href":"https:\/\/obdravinji.si\/index.php?rest_route=\/wp\/v2\/users\/36039"}],"replies":[{"embeddable":true,"href":"https:\/\/obdravinji.si\/index.php?rest_route=%2Fwp%2Fv2%2Fcomments&post=1939"}],"version-history":[{"count":16,"href":"https:\/\/obdravinji.si\/index.php?rest_route=\/wp\/v2\/pages\/1939\/revisions"}],"predecessor-version":[{"id":9922,"href":"https:\/\/obdravinji.si\/index.php?rest_route=\/wp\/v2\/pages\/1939\/revisions\/9922"}],"wp:attachment":[{"href":"https:\/\/obdravinji.si\/index.php?rest_route=%2Fwp%2Fv2%2Fmedia&parent=1939"}],"curies":[{"name":"wp","href":"https:\/\/api.w.org\/{rel}","templated":true}]}}