{"id":187,"date":"2019-09-04T20:06:57","date_gmt":"2019-09-04T18:06:57","guid":{"rendered":"http:\/\/osobdravinji.splet.arnes.si\/?page_id=187"},"modified":"2023-10-12T11:01:38","modified_gmt":"2023-10-12T09:01:38","slug":"podaljsano-bivanje","status":"publish","type":"page","link":"https:\/\/obdravinji.si\/?page_id=187","title":{"rendered":"Podalj\u0161ano bivanje"},"content":{"rendered":"<h2 class=\"art-postheader\"><span class=\"art-postheadericon\">Podalj\u0161ano bivanje<\/span><\/h2>\n<div class=\"art-postcontent clearfix\">\n<div class=\"art-article\">\n<p>U\u010denci od prvega do petega razreda se lahko po pouku vklju\u010dijo v oddelke podalj\u0161anega bivanja od 11.55 do 16.30.<\/p>\n<p>Zaradi varnosti otrok in odgovornosti \u0161ole lahko u\u010diteljica oddelka podalj\u0161anega bivanja pred\u010dasno spusti otroka iz \u0161ole le s pisnim obvestilom star\u0161ev u\u010ditelju podalj\u0161anega bivanja.<\/p>\n<table style=\"width: 649px\" border=\"1\" width=\"649\">\n<tbody>\n<tr>\n<td style=\"width: 80px\" width=\"136\"><strong>RAZRED<\/strong><\/td>\n<td style=\"width: 104px\" width=\"132\"><strong>\u010cAS<\/strong><\/td>\n<td style=\"width: 305px\" width=\"381\"><strong>U\u010cITELJI<\/strong><\/td>\n<\/tr>\n<tr>\n<td style=\"width: 80px\" width=\"136\"><strong>1. razred<\/strong><\/td>\n<td style=\"width: 104px\" width=\"132\">11.55\u201316.15<\/td>\n<td style=\"width: 305px\" width=\"381\">Tja\u0161a Kova\u010di\u010d, Anja Ramot, Mateja Trunkl<\/td>\n<\/tr>\n<tr>\n<td style=\"width: 80px\" width=\"136\"><strong>2. razred<\/strong><\/td>\n<td style=\"width: 104px\" width=\"132\">11.55 \u201316.15<\/td>\n<td style=\"width: 305px\" width=\"381\">Teja Macuh, Brigita \u0160tefane, Veronika Brdnik, Angelca Mlakar, Mateja Trunkl<\/td>\n<\/tr>\n<tr>\n<td style=\"width: 80px\" width=\"136\"><strong>3. razred<\/strong><\/td>\n<td style=\"width: 104px\" width=\"132\">11.55\u201316.15<\/td>\n<td style=\"width: 305px\" width=\"381\">Ur\u0161ka Seljak, Veronika Brdnik, Jerneja Menzinger, \u0160pela Sivka, Ur\u0161ka Groleger, Teja Macuh,<\/td>\n<\/tr>\n<tr>\n<td style=\"width: 80px\" width=\"136\">\n<p><strong>4. razred,<\/strong><\/p>\n<p><strong>5. razred<\/strong><\/td>\n<td style=\"width: 104px\" width=\"132\">11.55\u201316.15<\/td>\n<td style=\"width: 305px\" width=\"381\">Sonja rak Zalo\u017enik, Ur\u0161ka Jurak, Janja Stampfer, nejc \u0160poljar, Petra Paradi\u017enik<\/td>\n<\/tr>\n<tr>\n<td style=\"width: 80px\" width=\"136\"><strong>Tepanje<\/strong><\/td>\n<td style=\"width: 104px\" width=\"132\">11.55\u201316.15<\/td>\n<td style=\"width: 305px\" width=\"381\">Igor Pavlovi\u0107, Andra\u017e Vuherer, Tina Buri\u010d<\/td>\n<\/tr>\n<\/tbody>\n<\/table>\n<\/div>\n<div><\/div>\n<\/div>\n","protected":false},"excerpt":{"rendered":"<p>Podalj\u0161ano bivanje U\u010denci od prvega do petega razreda se lahko po pouku vklju\u010dijo v oddelke podalj\u0161anega bivanja od 11.55 do 16.30. Zaradi varnosti otrok in odgovornosti \u0161ole lahko u\u010diteljica oddelka podalj\u0161anega bivanja pred\u010dasno spusti otroka iz \u0161ole le s pisnim obvestilom star\u0161ev u\u010ditelju podalj\u0161anega bivanja. RAZRED \u010cAS U\u010cITELJI 1. razred 11.55\u201316.15 Tja\u0161a Kova\u010di\u010d, Anja Ramot, Mateja Trunkl 2. razred 11.55 \u201316.15 Teja Macuh, Brigita \u0160tefane, Veronika Brdnik, Angelca Mlakar, Mateja Trunkl 3. razred 11.55\u201316.15 Ur\u0161ka Seljak, Veronika Brdnik, Jerneja Menzinger, \u0160pela Sivka, Ur\u0161ka Groleger, Teja Macuh, 4. razred, 5. razred 11.55\u201316.15 Sonja rak Zalo\u017enik, Ur\u0161ka Jurak, Janja Stampfer, nejc \u0160poljar, [&hellip;]<\/p>\n","protected":false},"author":34631,"featured_media":0,"parent":0,"menu_order":0,"comment_status":"closed","ping_status":"closed","template":"","meta":{"footnotes":""},"class_list":["post-187","page","type-page","status-publish","hentry"],"_links":{"self":[{"href":"https:\/\/obdravinji.si\/index.php?rest_route=\/wp\/v2\/pages\/187","targetHints":{"allow":["GET"]}}],"collection":[{"href":"https:\/\/obdravinji.si\/index.php?rest_route=\/wp\/v2\/pages"}],"about":[{"href":"https:\/\/obdravinji.si\/index.php?rest_route=\/wp\/v2\/types\/page"}],"author":[{"embeddable":true,"href":"https:\/\/obdravinji.si\/index.php?rest_route=\/wp\/v2\/users\/34631"}],"replies":[{"embeddable":true,"href":"https:\/\/obdravinji.si\/index.php?rest_route=%2Fwp%2Fv2%2Fcomments&post=187"}],"version-history":[{"count":12,"href":"https:\/\/obdravinji.si\/index.php?rest_route=\/wp\/v2\/pages\/187\/revisions"}],"predecessor-version":[{"id":10228,"href":"https:\/\/obdravinji.si\/index.php?rest_route=\/wp\/v2\/pages\/187\/revisions\/10228"}],"wp:attachment":[{"href":"https:\/\/obdravinji.si\/index.php?rest_route=%2Fwp%2Fv2%2Fmedia&parent=187"}],"curies":[{"name":"wp","href":"https:\/\/api.w.org\/{rel}","templated":true}]}}