{"id":183,"date":"2019-09-04T20:06:57","date_gmt":"2019-09-04T18:06:57","guid":{"rendered":"http:\/\/osobdravinji.splet.arnes.si\/?page_id=183"},"modified":"2025-11-21T10:36:24","modified_gmt":"2025-11-21T09:36:24","slug":"govorilne-ure","status":"publish","type":"page","link":"https:\/\/obdravinji.si\/?page_id=183","title":{"rendered":"Govorilne ure"},"content":{"rendered":"\n<figure class=\"wp-block-table alignleft has-small-font-size\"><table class=\"has-black-color has-pale-cyan-blue-background-color has-text-color has-background has-link-color has-fixed-layout\"><tbody><tr><td class=\"has-text-align-left\" data-align=\"left\">&nbsp;<\/td><td><strong>\u010cAS<\/strong><\/td><td><strong>PON<\/strong><\/td><td><strong>TOR<\/strong><\/td><td><strong>SRE<\/strong><\/td><td><strong>\u010cET<\/strong><\/td><td class=\"has-text-align-center\" data-align=\"center\"><strong>PET<\/strong><\/td><\/tr><tr><td class=\"has-text-align-left\" data-align=\"left\"><strong>0<\/strong>.<\/td><td><strong>7. 30 \u2013 8. 15<\/strong><\/td><td>&nbsp;<\/td><td>Katja Holobar Anita Dolenc Mateja Trunkl<\/td><td>Lina Likavec<\/td><td>&nbsp;<\/td><td class=\"has-text-align-center\" data-align=\"center\">&nbsp;<\/td><\/tr><tr><td class=\"has-text-align-left\" data-align=\"left\"><strong>1<\/strong>.<\/td><td><strong>8. 20 \u2013 9. 05<\/strong><\/td><td>&nbsp; Ga\u0161per Soj\u010d<\/td><td>&nbsp;<\/td><td>Anja Ramot<\/td><td>Simona Pozeb<\/td><td class=\"has-text-align-center\" data-align=\"center\">&nbsp;<\/td><\/tr><tr><td class=\"has-text-align-left\" data-align=\"left\" rowspan=\"2\"><strong>2<\/strong>.<\/td><td><strong>9. 10 \u2013 9. 55<\/strong> <strong>(II. in III. triletje)<\/strong><\/td><td>Jerneja Menzinger <br>Janja Stampfer<\/td><td>Brigita Berglez<\/td><td>Mihael Stampfer Sanja Levart &#8211; sodi<\/td><td>Anita Vrtovec<\/td><td class=\"has-text-align-center\" data-align=\"center\">Jovita Kova\u010d <br>Tanja B. Templak Jasmina Bogataj<\/td><\/tr><tr><td class=\"has-text-align-left\" data-align=\"left\"><strong>9. 25 \u2013 10. 10<\/strong> <strong>( I. triletje)<\/strong><\/td><td>&nbsp;<\/td><td>&nbsp;<\/td><td>Tina Buri\u010d<\/td><td>Valentina Volav\u0161ek<\/td><td>&nbsp;<\/td><\/tr><tr><td class=\"has-text-align-left\" data-align=\"left\"><strong>3<\/strong>.<\/td><td><strong>10. 15 \u2013 11. 00<\/strong><\/td><td>Ur\u0161a Sovi\u010d Tina Vahter<br>Kaja Bicskey<\/td><td>Angelca Mlakar Jasmina Vodovnik<\/td><td>Uro\u0161 Kalar <br>Sanja Levart &#8211; lihi \u017dan Vrtovec<\/td><td>Katarina Konec <br>Andra\u017e Vuherer <br>Tamara Jegri\u0161nik<\/td><td class=\"has-text-align-center\" data-align=\"center\">Milena Strm\u0161ek<\/td><\/tr><tr><td class=\"has-text-align-left\" data-align=\"left\"><strong>4<\/strong>.<\/td><td><strong>11. 05 \u2013 11. 50<\/strong><\/td><td>\u0160pela Sivka <br>Nina Kohne<br><br><\/td><td>&nbsp; Ur\u0161ka Kolari\u010d<\/td><td>Igor Pavlovi\u0107 Antonija Levart<\/td><td>Sonja R. Zalo\u017enik <br>Lea Mlinar <br>Ur\u0161ka Seljak <br>Ur\u0161ka Groleger <br>Katarina Kopin\u0161ek<br>Nika Tajnikar<\/td><td class=\"has-text-align-center\" data-align=\"center\">Robert Zrnec Bernarda Rebernak<\/td><\/tr><tr><td class=\"has-text-align-left\" data-align=\"left\"><strong>5<\/strong>.<\/td><td><strong>11. 55 \u2013 12. 40<\/strong><\/td><td>Katja Kranjc<\/td><td>Ur\u0161ka Jurak Teja Macuh Rebernak<\/td><td>Nina Margu\u010d Petra Paradi\u017enik<\/td><td>Ur\u0161ka Ribi\u010d Veronika Brdnik Romana Pokorn<\/td><td class=\"has-text-align-center\" data-align=\"center\">&nbsp;<\/td><\/tr><tr><td class=\"has-text-align-left\" data-align=\"left\"><strong>6<\/strong>.<\/td><td><strong>12. 45 \u2013 13. 30<\/strong><\/td><td>&nbsp;<\/td><td>&nbsp;<\/td><td>&nbsp;<\/td><td>Valerija Gaj\u0161ek<\/td><td class=\"has-text-align-center\" data-align=\"center\">&nbsp;<\/td><\/tr><tr><td class=\"has-text-align-left\" data-align=\"left\"><strong>7<\/strong>.<\/td><td><strong>13. 35 \u2013 14. 20<\/strong><\/td><td>&nbsp;<\/td><td>Primo\u017e Krivec<\/td><td>&nbsp;<\/td><td>&nbsp;<\/td><td class=\"has-text-align-center\" data-align=\"center\">&nbsp;<\/td><\/tr><\/tbody><\/table><\/figure>\n\n\n\n<p><\/p>\n","protected":false},"excerpt":{"rendered":"<p>&nbsp; \u010cAS PON TOR SRE \u010cET PET 0. 7. 30 \u2013 8. 15 &nbsp; Katja Holobar Anita Dolenc Mateja Trunkl Lina Likavec &nbsp; &nbsp; 1. 8. 20 \u2013 9. 05 &nbsp; Ga\u0161per Soj\u010d &nbsp; Anja Ramot Simona Pozeb &nbsp; 2. 9. 10 \u2013 9. 55 (II. in III. triletje) Jerneja Menzinger Janja Stampfer Brigita Berglez Mihael Stampfer Sanja Levart &#8211; sodi Anita Vrtovec Jovita Kova\u010d Tanja B. Templak Jasmina Bogataj 9. 25 \u2013 10. 10 ( I. triletje) &nbsp; &nbsp; Tina Buri\u010d Valentina Volav\u0161ek &nbsp; 3. 10. 15 \u2013 11. 00 Ur\u0161a Sovi\u010d Tina VahterKaja Bicskey Angelca Mlakar Jasmina Vodovnik [&hellip;]<\/p>\n","protected":false},"author":34631,"featured_media":0,"parent":0,"menu_order":0,"comment_status":"closed","ping_status":"closed","template":"","meta":{"footnotes":""},"class_list":["post-183","page","type-page","status-publish","hentry"],"_links":{"self":[{"href":"https:\/\/obdravinji.si\/index.php?rest_route=\/wp\/v2\/pages\/183","targetHints":{"allow":["GET"]}}],"collection":[{"href":"https:\/\/obdravinji.si\/index.php?rest_route=\/wp\/v2\/pages"}],"about":[{"href":"https:\/\/obdravinji.si\/index.php?rest_route=\/wp\/v2\/types\/page"}],"author":[{"embeddable":true,"href":"https:\/\/obdravinji.si\/index.php?rest_route=\/wp\/v2\/users\/34631"}],"replies":[{"embeddable":true,"href":"https:\/\/obdravinji.si\/index.php?rest_route=%2Fwp%2Fv2%2Fcomments&post=183"}],"version-history":[{"count":15,"href":"https:\/\/obdravinji.si\/index.php?rest_route=\/wp\/v2\/pages\/183\/revisions"}],"predecessor-version":[{"id":14779,"href":"https:\/\/obdravinji.si\/index.php?rest_route=\/wp\/v2\/pages\/183\/revisions\/14779"}],"wp:attachment":[{"href":"https:\/\/obdravinji.si\/index.php?rest_route=%2Fwp%2Fv2%2Fmedia&parent=183"}],"curies":[{"name":"wp","href":"https:\/\/api.w.org\/{rel}","templated":true}]}}