{"id":179,"date":"2019-09-04T20:06:57","date_gmt":"2019-09-04T18:06:57","guid":{"rendered":"http:\/\/osobdravinji.splet.arnes.si\/?page_id=179"},"modified":"2025-10-21T07:51:57","modified_gmt":"2025-10-21T05:51:57","slug":"prehrana","status":"publish","type":"page","link":"https:\/\/obdravinji.si\/?page_id=179","title":{"rendered":"Prehrana"},"content":{"rendered":"\n<div class=\"wp-block-file\"><a href=\"https:\/\/obdravinji.si\/files\/2022\/09\/Obvestila-18.3.21_Prehrana-na-portalu-Lo.Polis.pdf\">Prehrana na portalu Lo.Polis &#8211; navodila<\/a><a href=\"https:\/\/obdravinji.si\/files\/2022\/09\/Obvestila-18.3.21_Prehrana-na-portalu-Lo.Polis.pdf\" class=\"wp-block-file__button\" download>Prenos<\/a><\/div>\n\n\n\n<h2 class=\"wp-block-heading has-luminous-vivid-orange-color has-text-color\">\u0160OLSKA PREHRANA v 2025\/2026<\/h2>\n\n\n\n<p>U\u010denci se lahko naro\u010dijo na zajtrk, malico, kosilo in popoldansko malico. Za\u017eeleno je, da vsak u\u010denec prejme malico. U\u010denci I. triletja malicajo v prvem odmoru (9.05\u20139.25), u\u010denci II. in III. triletja pa v drugem odmoru (9.55\u201310.15).<\/p>\n\n\n\n<p>Kosilo je med 11.50 in 13.45, ob dnevih dejavnosti pa do dogovorjene ure. Vodja \u0161olske prehrane je Lea Mlinar, vodja kuhinje pa je Sabina Urlep. Druga kuharica je Klementina Vok, kuharski pomo\u010dnici pa Branka Belina in Helena Poto\u010dnik.<\/p>\n\n\n\n<p>\u0160ola tudi v \u0161ol. letu 2020\/2021 ostaja vklju\u010dena v Shemo \u0161olskega sadja in mleka, podprto s strani MIZ\u0160, kjer je u\u010dencem zagotovljeno sadje vsak dan.<\/p>\n\n\n\n<p>U\u010dence navajamo tudi na pomen hidracije za delovanje organizma, zato so v jedilnici name\u0161\u010deni trije pitniki.<\/p>\n\n\n\n<p>Hidracijo u\u010dencev spodbujamo tudi v razredih, tako da u\u010dence navajamo, da imajo vodo v bidonih, pitna voda pa je dosegljiva tudi iz pipe.<\/p>\n\n\n\n<p><\/p>\n\n\n\n<h2 class=\"wp-block-heading has-luminous-vivid-orange-color has-text-color\">\u0160OLSKA PREHRANA IN SUBVENCIONIRANJE \u0160OLSKE PREHRANE v \u0161ol. letu 2025\/26<\/h2>\n\n\n\n<p><strong>S 1. 9. 2014<\/strong>&nbsp;se je za\u010dela uporabljati novela Zakona o uveljavljanju pravic iz javnih sredstev. Novela med drugim prina\u0161a nov na\u010din izmenjave podatkov med Ministrstvom za delo, dru\u017eino, socialne zadeve in enake mo\u017enosti in Ministrstvom za izobra\u017eevanje, znanost in \u0161port z namenom poenostavitve uveljavljanja subvencionirane prehrane.&nbsp;<\/p>\n\n\n\n<p><strong>Star\u0161em ni potrebno oddajati vlog za uveljavljanje subvencije malice in kosila<\/strong>, saj je le ta vidna na veljavni odlo\u010dbi Centra za socialno delo.<\/p>\n\n\n\n<p><strong>Spletna stran Centra za socialno delo Slovenske Konjice:<\/strong><\/p>\n\n\n\n<p><a href=\"https:\/\/www.csd-slovenije.si\/csd-celje\/enota-slovenske-konjice\/\">https:\/\/www.csd-slovenije.si\/csd-celje\/enota-slovenske-konjice\/<\/a><\/p>\n\n\n\n<p><strong>\u0160e vedno pa je potrebna prijava na malico oziroma kosilo v \u0161oli.<\/strong><\/p>\n\n\n\n<p>Organizatorji \u0161olske prehrane na\u010drtujejo prehranjevanje z zdravstvenega, ekonomskega, socialnega, vzgojnega in gastronomsko-kulinari\u010dnega gledi\u0161\u010da.<\/p>\n\n\n\n<p>Pri na\u010drtovanju prehrane otrok v \u0161olskih kuhinjah veljajo enaka na\u010dela kot za otroke, ki se hranijo doma.<\/p>\n\n\n\n<p>Prehrambeni na\u010drt v \u0161olskih kuhinjah je bolj enoten in se lahko manj ravna po potrebah in okusu posameznih otrok. Zato je toliko bolj pomembno, da so obroki pravilno sestavljeni in da osebje, ki na\u010drtuje in pripravlja te obroke, pozna na\u010dela prehranske vede s posebnostmi otro\u0161ke in mladinske prehrane. Pri na\u010drtovanju prehrane se upo\u0161tevajo prehrambena priporo\u010dila, ki so prirejena po tujih virih in so prilagojena na\u0161im razmeram.<\/p>\n\n\n\n<p>Na podru\u017enici Tepanje pripravlja hrano za u\u010dence kuhinja iz Vrtca Tepanje. Jedilniki so usklajeni z mati\u010dno \u0161olo, komunikacija med organizatorji \u0161olske in vrt\u010devske prehrane je sprotna.<\/p>\n\n\n\n<p><strong>Organizatorka \u0161olske prehrane v \u0161ol. letu 2025\/2026 je Lea Mlinar, prof. biologije in matematike.<\/strong><\/p>\n\n\n\n<p><strong><u>\u0160olska kuhinja<\/u><\/strong><\/p>\n\n\n\n<p>Vsaka \u0161olska kuhinja ima vodjo oz. organizatorja \u0161olske prehrane, ki na\u010drtuje prehrano.<\/p>\n\n\n\n<p>Organizatorji \u0161olske prehrane na\u010drtujejo prehranjevanje z zdravstvenega, ekonomskega, socialnega, vzgojnega in gastronomsko-kulinari\u010dnega gledi\u0161\u010da.<\/p>\n\n\n\n<p>Pri na\u010drtovanju prehrane otrok v \u0161olskih kuhinjah veljajo enaka na\u010dela kot za otroke, ki se hranijo doma. Prehrambeni na\u010drt v \u0161olskih kuhinjah je bolj enoten in se lahko manj ravna po potrebah in okusu posameznih otrok. Zato je toliko bolj pomembno, da so obroki pravilno sestavljeni in da osebje, ki na\u010drtuje in pripravlja te obroke, pozna na\u010dela prehranske vede s posebnostmi otro\u0161ke in mladinske prehrane. Pri na\u010drtovanju prehrane se upo\u0161tevajo prehrambena priporo\u010dila in veljavne smernice.<\/p>\n\n\n\n<p><strong><u>Seznam strokovnih delavcev in tehni\u010dnega osebja, ki dela v \u0161olski kuhinji:<\/u><\/strong><\/p>\n\n\n\n<figure class=\"wp-block-table\"><table class=\"has-fixed-layout\"><tbody><tr><td>Seznam zaposlenega osebja<\/td><td>Naloge<\/td><\/tr><tr><td><strong>Lea Mlinar<\/strong><\/td><td>Vodja \u0161olske prehrane<\/td><\/tr><tr><td><strong>Tina Buri\u010d<\/strong><\/td><td>Vodja \u0161olske prehrane&nbsp; na podru\u017eni\u010dni \u0161oli Tepanje<\/td><\/tr><tr><td><strong>Sabina Urlep<\/strong><\/td><td>Vodja kuhinje<\/td><\/tr><tr><td><strong>Klementina Vok<\/strong><\/td><td>Kuhar (IV)<\/td><\/tr><tr><td><strong>Branka Belina<\/strong><\/td><td>Kuhinjski pomo\u010dnik (III)<\/td><\/tr><tr><td><strong>Helena Poto\u010dnik<\/strong><\/td><td>Kuhinjski pomo\u010dnik (III)<\/td><\/tr><\/tbody><\/table><\/figure>\n","protected":false},"excerpt":{"rendered":"<p>\u0160OLSKA PREHRANA v 2025\/2026 U\u010denci se lahko naro\u010dijo na zajtrk, malico, kosilo in popoldansko malico. Za\u017eeleno je, da vsak u\u010denec prejme malico. U\u010denci I. triletja malicajo v prvem odmoru (9.05\u20139.25), u\u010denci II. in III. triletja pa v drugem odmoru (9.55\u201310.15). Kosilo je med 11.50 in 13.45, ob dnevih dejavnosti pa do dogovorjene ure. Vodja \u0161olske prehrane je Lea Mlinar, vodja kuhinje pa je Sabina Urlep. Druga kuharica je Klementina Vok, kuharski pomo\u010dnici pa Branka Belina in Helena Poto\u010dnik. \u0160ola tudi v \u0161ol. letu 2020\/2021 ostaja vklju\u010dena v Shemo \u0161olskega sadja in mleka, podprto s strani MIZ\u0160, kjer je u\u010dencem zagotovljeno [&hellip;]<\/p>\n","protected":false},"author":34631,"featured_media":0,"parent":0,"menu_order":0,"comment_status":"closed","ping_status":"closed","template":"","meta":{"footnotes":""},"class_list":["post-179","page","type-page","status-publish","hentry"],"_links":{"self":[{"href":"https:\/\/obdravinji.si\/index.php?rest_route=\/wp\/v2\/pages\/179","targetHints":{"allow":["GET"]}}],"collection":[{"href":"https:\/\/obdravinji.si\/index.php?rest_route=\/wp\/v2\/pages"}],"about":[{"href":"https:\/\/obdravinji.si\/index.php?rest_route=\/wp\/v2\/types\/page"}],"author":[{"embeddable":true,"href":"https:\/\/obdravinji.si\/index.php?rest_route=\/wp\/v2\/users\/34631"}],"replies":[{"embeddable":true,"href":"https:\/\/obdravinji.si\/index.php?rest_route=%2Fwp%2Fv2%2Fcomments&post=179"}],"version-history":[{"count":14,"href":"https:\/\/obdravinji.si\/index.php?rest_route=\/wp\/v2\/pages\/179\/revisions"}],"predecessor-version":[{"id":14530,"href":"https:\/\/obdravinji.si\/index.php?rest_route=\/wp\/v2\/pages\/179\/revisions\/14530"}],"wp:attachment":[{"href":"https:\/\/obdravinji.si\/index.php?rest_route=%2Fwp%2Fv2%2Fmedia&parent=179"}],"curies":[{"name":"wp","href":"https:\/\/api.w.org\/{rel}","templated":true}]}}