{"id":167,"date":"2019-09-04T20:06:57","date_gmt":"2019-09-04T18:06:57","guid":{"rendered":"http:\/\/osobdravinji.splet.arnes.si\/?page_id=167"},"modified":"2025-01-13T09:48:09","modified_gmt":"2025-01-13T08:48:09","slug":"svet-zavoda","status":"publish","type":"page","link":"https:\/\/obdravinji.si\/?page_id=167","title":{"rendered":"Svet zavoda"},"content":{"rendered":"<p><strong>SESTAVA SVETA ZAVODA<\/strong><\/p>\n<p>Organ upravljanja \u0161ole je Svet \u0161ole, ki ima 11 \u010dlanov (pet predstavnikov \u0161ole, tri predstavnike star\u0161ev in tri predstavnike ustanovitelja).<\/p>\n<table border=\"1\">\n<tbody>\n<tr>\n<td colspan=\"3\" width=\"615\"><strong>SESTAVA SVETA ZAVODA <\/strong><\/td>\n<\/tr>\n<tr>\n<td width=\"205\"><strong>Predstavniki ustanovitelja<\/strong><\/td>\n<td width=\"205\"><strong>Predstavniki delavcev<\/strong><\/td>\n<td width=\"205\"><strong>Predstavniki star\u0161ev<\/strong><\/td>\n<\/tr>\n<tr>\n<td width=\"205\">Ne\u017ea Pavli\u010d Bre\u010dko<\/p>\n<p>Annemary Kotnik<\/p>\n<p>Jakob Mlakar<\/td>\n<td width=\"205\">Brigita Berglez<\/p>\n<p>Romana Pokorn<\/p>\n<p>Brigita Hribernik<\/p>\n<p>Jasmina Vodovnik<\/p>\n<p>Ur\u0161ka Jurak<\/td>\n<td width=\"205\">Margareta Obrovnik Hla\u010dar<\/p>\n<p>Matic Petra\u0161<\/p>\n<p>Marko Krajnc<\/td>\n<\/tr>\n<\/tbody>\n<\/table>\n<p><strong>Predsednica sveta O\u0160 Ob Dravinji je mag<u>. Jasmina Vodovnik, profesorica RP<\/u>. Namestnica predsednice je Romana Pokorn, profesorica razrednega pouka.<\/strong><\/p>\n<p>Navedeni svet \u0161ole je bil konstituiran 9.1.2024. \u0160tiriletni mandat se izte\u010de januarja 2028.<\/p>\n<p><a href=\"https:\/\/drive.google.com\/drive\/folders\/0B33NrnwQ-dZNVU5yR3ZfTFpZM0U?usp=sharing\" target=\"_blank\" rel=\"noopener noreferrer\">DATOTEKE<\/a><\/p>\n","protected":false},"excerpt":{"rendered":"<p>SESTAVA SVETA ZAVODA Organ upravljanja \u0161ole je Svet \u0161ole, ki ima 11 \u010dlanov (pet predstavnikov \u0161ole, tri predstavnike star\u0161ev in tri predstavnike ustanovitelja). SESTAVA SVETA ZAVODA Predstavniki ustanovitelja Predstavniki delavcev Predstavniki star\u0161ev Ne\u017ea Pavli\u010d Bre\u010dko Annemary Kotnik Jakob Mlakar Brigita Berglez Romana Pokorn Brigita Hribernik Jasmina Vodovnik Ur\u0161ka Jurak Margareta Obrovnik Hla\u010dar Matic Petra\u0161 Marko Krajnc Predsednica sveta O\u0160 Ob Dravinji je mag. Jasmina Vodovnik, profesorica RP. Namestnica predsednice je Romana Pokorn, profesorica razrednega pouka. Navedeni svet \u0161ole je bil konstituiran 9.1.2024. \u0160tiriletni mandat se izte\u010de januarja 2028. DATOTEKE<\/p>\n","protected":false},"author":34631,"featured_media":0,"parent":0,"menu_order":0,"comment_status":"closed","ping_status":"closed","template":"","meta":{"footnotes":""},"class_list":["post-167","page","type-page","status-publish","hentry"],"_links":{"self":[{"href":"https:\/\/obdravinji.si\/index.php?rest_route=\/wp\/v2\/pages\/167","targetHints":{"allow":["GET"]}}],"collection":[{"href":"https:\/\/obdravinji.si\/index.php?rest_route=\/wp\/v2\/pages"}],"about":[{"href":"https:\/\/obdravinji.si\/index.php?rest_route=\/wp\/v2\/types\/page"}],"author":[{"embeddable":true,"href":"https:\/\/obdravinji.si\/index.php?rest_route=\/wp\/v2\/users\/34631"}],"replies":[{"embeddable":true,"href":"https:\/\/obdravinji.si\/index.php?rest_route=%2Fwp%2Fv2%2Fcomments&post=167"}],"version-history":[{"count":7,"href":"https:\/\/obdravinji.si\/index.php?rest_route=\/wp\/v2\/pages\/167\/revisions"}],"predecessor-version":[{"id":13048,"href":"https:\/\/obdravinji.si\/index.php?rest_route=\/wp\/v2\/pages\/167\/revisions\/13048"}],"wp:attachment":[{"href":"https:\/\/obdravinji.si\/index.php?rest_route=%2Fwp%2Fv2%2Fmedia&parent=167"}],"curies":[{"name":"wp","href":"https:\/\/api.w.org\/{rel}","templated":true}]}}