{"id":157,"date":"2019-09-04T20:06:57","date_gmt":"2019-09-04T18:06:57","guid":{"rendered":"http:\/\/osobdravinji.splet.arnes.si\/?page_id=157"},"modified":"2023-07-12T13:53:50","modified_gmt":"2023-07-12T11:53:50","slug":"beseda-ravnateljice","status":"publish","type":"page","link":"https:\/\/obdravinji.si\/?page_id=157","title":{"rendered":"Beseda ravnateljice"},"content":{"rendered":"<p>Spo\u0161tovani u\u010denci, star\u0161i in u\u010ditelji!<\/p>\n<p>\u00a0<\/p>\n<p>Vsako leto se s 1. septembrom pri\u010dne novo poglavje na\u0161e skupne zgodbe. Njeni junaki so znani \u2013 na\u0161i u\u010denci. Znana je tudi tema na\u0161e zgodbe \u2013 kvalitetno vzgojno-izobra\u017eevalno delo, ki daje znanja, spodbuja ustvarjalnost in krepi vrednote. Dobro znan je tudi prostor, kjer se zgodba dogaja \u2013 na\u0161a \u010dudovita \u0161ola z velikimi \u0161portnimi povr\u0161inami, ki jo obkro\u017eajo.<\/p>\n<p>Spo\u0161tovani u\u010denci! \u017delimo, da je \u0161ola prostor, kamor radi prihajate in kjer se prijetno ter varno po\u010dutite. Na ta na\u010din bosta va\u0161e delo in u\u010denje u\u010dinkovitej\u0161a in ustvarjalnej\u0161a. Vedite pa, da ste za ozra\u010dje v u\u010dilnicah v veliki meri odgovorni vi. \u017delimo, da ste tak\u0161ni ljudje kot tisti v Pav\u010dkovi pesmi; osebe, ki gledajo na \u017eivljenje s svetle plati, ki skrbijo za lastno sre\u010do in sre\u010do drugih, ki jim u\u010denje in delo predstavljata izziv in ne obremenitev.<\/p>\n<p>Spo\u0161tovani star\u0161i in u\u010ditelji! \u017divljenje nas u\u010di, da so na\u0161e vrednote v samem jedru tega, kar smo, da usmerjajo na\u0161a dejanja in na\u0161 na\u010din vzgoje. \u017delimo si nau\u010diti na\u0161e odra\u0161\u010dajo\u010de otroke razumeti \u017eivljenje. \u017delimo si, da se razvijejo v pozitivne osebnosti v razli\u010dnih vlogah; kot so\u0161olci, dru\u017einski \u010dlani, prijatelji in ne nazadnje kot celovita \u010dlove\u0161ka bitja. Predvsem pa \u017eelimo, da doma in v \u0161oli dobijo dovolj prilo\u017enosti, da se nau\u010dijo spo\u0161tovati meje, delovati samostojno in sprejemati odgovornost za svoja dejanja.<\/p>\n<p>Vsi skupaj si \u017eelimo, da bo na\u0161a skupna zgodba imela sre\u010den konec. Prepri\u010dana sem, da bomo s skupnim sodelovanjem in medsebojnim spo\u0161tovanjem uspeli. Svojo zgodbo si vendarle pi\u0161emo sami.<\/p>\n<p>\u00a0<\/p>\n<p>Sre\u010dno!<\/p>\n<p style=\"text-align: right\">Ravnateljica, mag. Nevenka Brdnik<\/p>\n<p style=\"text-align: right\">\u00a0<\/p>\n\n\n<figure class=\"wp-block-image size-large\"><img loading=\"lazy\" decoding=\"async\" width=\"1024\" height=\"683\" src=\"https:\/\/obdravinji.si\/files\/2023\/07\/SLIKA-ZA-MEDIJE-1024x683.jpg\" alt=\"\" class=\"wp-image-9889\" srcset=\"https:\/\/obdravinji.si\/files\/2023\/07\/SLIKA-ZA-MEDIJE-1024x683.jpg 1024w, https:\/\/obdravinji.si\/files\/2023\/07\/SLIKA-ZA-MEDIJE-300x200.jpg 300w, https:\/\/obdravinji.si\/files\/2023\/07\/SLIKA-ZA-MEDIJE-768x512.jpg 768w, https:\/\/obdravinji.si\/files\/2023\/07\/SLIKA-ZA-MEDIJE-1536x1024.jpg 1536w, https:\/\/obdravinji.si\/files\/2023\/07\/SLIKA-ZA-MEDIJE-2048x1365.jpg 2048w, https:\/\/obdravinji.si\/files\/2023\/07\/SLIKA-ZA-MEDIJE-947x631.jpg 947w, https:\/\/obdravinji.si\/files\/2023\/07\/SLIKA-ZA-MEDIJE-624x416.jpg 624w, https:\/\/obdravinji.si\/files\/2023\/07\/SLIKA-ZA-MEDIJE-84x56.jpg 84w\" sizes=\"auto, (max-width: 1024px) 100vw, 1024px\" \/><\/figure>\n","protected":false},"excerpt":{"rendered":"<p>Spo\u0161tovani u\u010denci, star\u0161i in u\u010ditelji! \u00a0 Vsako leto se s 1. septembrom pri\u010dne novo poglavje na\u0161e skupne zgodbe. Njeni junaki so znani \u2013 na\u0161i u\u010denci. Znana je tudi tema na\u0161e zgodbe \u2013 kvalitetno vzgojno-izobra\u017eevalno delo, ki daje znanja, spodbuja ustvarjalnost in krepi vrednote. Dobro znan je tudi prostor, kjer se zgodba dogaja \u2013 na\u0161a \u010dudovita \u0161ola z velikimi \u0161portnimi povr\u0161inami, ki jo obkro\u017eajo. Spo\u0161tovani u\u010denci! \u017delimo, da je \u0161ola prostor, kamor radi prihajate in kjer se prijetno ter varno po\u010dutite. Na ta na\u010din bosta va\u0161e delo in u\u010denje u\u010dinkovitej\u0161a in ustvarjalnej\u0161a. Vedite pa, da ste za ozra\u010dje v u\u010dilnicah v [&hellip;]<\/p>\n","protected":false},"author":34631,"featured_media":0,"parent":0,"menu_order":0,"comment_status":"closed","ping_status":"closed","template":"","meta":{"footnotes":""},"class_list":["post-157","page","type-page","status-publish","hentry"],"_links":{"self":[{"href":"https:\/\/obdravinji.si\/index.php?rest_route=\/wp\/v2\/pages\/157","targetHints":{"allow":["GET"]}}],"collection":[{"href":"https:\/\/obdravinji.si\/index.php?rest_route=\/wp\/v2\/pages"}],"about":[{"href":"https:\/\/obdravinji.si\/index.php?rest_route=\/wp\/v2\/types\/page"}],"author":[{"embeddable":true,"href":"https:\/\/obdravinji.si\/index.php?rest_route=\/wp\/v2\/users\/34631"}],"replies":[{"embeddable":true,"href":"https:\/\/obdravinji.si\/index.php?rest_route=%2Fwp%2Fv2%2Fcomments&post=157"}],"version-history":[{"count":3,"href":"https:\/\/obdravinji.si\/index.php?rest_route=\/wp\/v2\/pages\/157\/revisions"}],"predecessor-version":[{"id":9890,"href":"https:\/\/obdravinji.si\/index.php?rest_route=\/wp\/v2\/pages\/157\/revisions\/9890"}],"wp:attachment":[{"href":"https:\/\/obdravinji.si\/index.php?rest_route=%2Fwp%2Fv2%2Fmedia&parent=157"}],"curies":[{"name":"wp","href":"https:\/\/api.w.org\/{rel}","templated":true}]}}