{"id":1029,"date":"2019-10-06T10:31:11","date_gmt":"2019-10-06T08:31:11","guid":{"rendered":"http:\/\/osobdravinji.splet.arnes.si\/?page_id=1029"},"modified":"2023-09-06T22:40:58","modified_gmt":"2023-09-06T20:40:58","slug":"vloge","status":"publish","type":"page","link":"https:\/\/obdravinji.si\/?page_id=1029","title":{"rendered":"Vloge"},"content":{"rendered":"\n<p><\/p>\n\n\n<ul>\n<li><a href=\"http:\/\/osobdravinji.splet.arnes.si\/files\/2019\/10\/STRO\u0160KI-PREVOZA-drug-\u0161olski-okoli\u0161.pdf\">STRO\u0160KI PREVOZA &#8211; drug \u0161olski okoli\u0161<\/a><\/li>\n<li><a href=\"https:\/\/obdravinji.si\/files\/2021\/12\/Vloga-za-dodelitev-sredstev-za-subvencioniranje-%C5%A1ole-v-naravi.pdf\">VLOGA ZA SUBVENCIONIRANJE \u0160OLE V NARAVI<\/a><\/li>\n<li><a href=\"https:\/\/obdravinji.si\/files\/2021\/12\/Vloga-za-dodelitev-sredstev-za-subvencioniranje-potreb%C5%A1%C4%8Din-1.pdf\">VLOGA ZA SUBVENCIJO \u0160OLSKIH POTREB\u0160\u010cIN<\/a><\/li>\n<li><a href=\"https:\/\/obdravinji.si\/files\/2021\/12\/Vloga-za-dodelitev-sredstev-iz-%C5%A1olskega-sklada.pdf\">VLOGA ZA DODELITEV SREDSTEV IZ \u0160OLSKEGA SKLADA<\/a><\/li>\n<\/ul>\n<p><strong>Vloge, povezane z vpisom v 1. razred:<\/strong><\/p>\n<ul>\n<li><a href=\"https:\/\/obdravinji.si\/files\/2023\/02\/Vloga-za-vpis-v-1.razred-OS-ob-Dravinji.pdf\">Vloga za vpis v 1.razred O\u0160 ob Dravinji<\/a><\/li>\n<li><a href=\"https:\/\/obdravinji.si\/files\/2023\/02\/Soglasje-za-vpis-OS-Ob-Dravinji.pdf\">Soglasje za vpis O\u0160 Ob Dravinji<\/a><\/li>\n<li><a href=\"https:\/\/obdravinji.si\/files\/2023\/02\/Soglasje-za-vpis-POS-Tepanje.pdf\">Soglasje za vpis PO\u0160 Tepanje<\/a><\/li>\n<li><a href=\"https:\/\/obdravinji.si\/files\/2023\/02\/Vloga-za-odlozitev-solanja.pdf\">Vloga za odlo\u017eitev \u0161olanja<\/a><\/li>\n<li><a href=\"https:\/\/obdravinji.si\/files\/2023\/02\/Obvestilo-o-prepisu.pdf\">Obvestilo o prepisu<\/a><\/li>\n<\/ul>\n<p><strong>Vloge, povezane z vpisom ali prepisom med obdobjem \u0161olanja:<\/strong><\/p>\n<ul>\n<li><a href=\"http:\/\/osobdravinji.splet.arnes.si\/files\/2021\/01\/Obvestilo-o-prepisu.pdf\">OBVESTILO O PREPISU IZ O\u0160 OB DRAVINJI<\/a><\/li>\n<li><a href=\"http:\/\/osobdravinji.splet.arnes.si\/files\/2021\/01\/Soglasje-drugega-star\u0161a-ob-prepisu-iz-O\u0160-Ob-Dravinji.pdf\">SOGLASJE DRUGEGA STAR\u0160A OB PREPISU IZ O\u0160 OB DRAVINJI<\/a><\/li>\n<li><a href=\"https:\/\/obdravinji.si\/files\/2023\/09\/Vloga-za-vpis.pdf\">VLOGA ZA VPIS \u2013 \u0161olski okoli\u0161 O\u0160 Ob Dravinji<\/a><\/li>\n<li><a href=\"https:\/\/obdravinji.si\/files\/2023\/09\/Soglasje-za-vpis.pdf\">SOGLASJE DRUGEGA STAR\u0160A ZA VPIS NA O\u0160 OB DRAVINJI \u2013 \u0161olski okoli\u0161 O\u0160 Ob Dravinji<\/a><\/li>\n<li><a href=\"https:\/\/obdravinji.si\/files\/2023\/02\/Vloga-za-vpis-3.pdf\">VLOGA ZA VPIS &#8211; drug \u0161olski okoli\u0161<\/a><\/li>\n<li><a href=\"http:\/\/osobdravinji.splet.arnes.si\/files\/2021\/01\/Soglasje-drugega-star\u0161a-ob-vpisu-na-O\u0160-Ob-Dravinji.pdf\">SOGLASJE DRUGEGA STAR\u0160A OB VPISU NA O\u0160 OB DRAVINJI &#8211; drug \u0161olski okoli\u0161<\/a><\/li>\n<\/ul>\n<p><!--more--><\/p>\n\n\n<p><\/p>\n","protected":false},"excerpt":{"rendered":"<p>STRO\u0160KI PREVOZA &#8211; drug \u0161olski okoli\u0161 VLOGA ZA SUBVENCIONIRANJE \u0160OLE V NARAVI VLOGA ZA SUBVENCIJO \u0160OLSKIH POTREB\u0160\u010cIN VLOGA ZA DODELITEV SREDSTEV IZ \u0160OLSKEGA SKLADA Vloge, povezane z vpisom v 1. razred: Vloga za vpis v 1.razred O\u0160 ob Dravinji Soglasje za vpis O\u0160 Ob Dravinji Soglasje za vpis PO\u0160 Tepanje Vloga za odlo\u017eitev \u0161olanja Obvestilo o prepisu Vloge, povezane z vpisom ali prepisom med obdobjem \u0161olanja: OBVESTILO O PREPISU IZ O\u0160 OB DRAVINJI SOGLASJE DRUGEGA STAR\u0160A OB PREPISU IZ O\u0160 OB DRAVINJI VLOGA ZA VPIS \u2013 \u0161olski okoli\u0161 O\u0160 Ob Dravinji SOGLASJE DRUGEGA STAR\u0160A ZA VPIS NA O\u0160 OB DRAVINJI [&hellip;]<\/p>\n","protected":false},"author":34631,"featured_media":0,"parent":0,"menu_order":0,"comment_status":"closed","ping_status":"closed","template":"","meta":{"footnotes":""},"class_list":["post-1029","page","type-page","status-publish","hentry"],"_links":{"self":[{"href":"https:\/\/obdravinji.si\/index.php?rest_route=\/wp\/v2\/pages\/1029","targetHints":{"allow":["GET"]}}],"collection":[{"href":"https:\/\/obdravinji.si\/index.php?rest_route=\/wp\/v2\/pages"}],"about":[{"href":"https:\/\/obdravinji.si\/index.php?rest_route=\/wp\/v2\/types\/page"}],"author":[{"embeddable":true,"href":"https:\/\/obdravinji.si\/index.php?rest_route=\/wp\/v2\/users\/34631"}],"replies":[{"embeddable":true,"href":"https:\/\/obdravinji.si\/index.php?rest_route=%2Fwp%2Fv2%2Fcomments&post=1029"}],"version-history":[{"count":15,"href":"https:\/\/obdravinji.si\/index.php?rest_route=\/wp\/v2\/pages\/1029\/revisions"}],"predecessor-version":[{"id":9945,"href":"https:\/\/obdravinji.si\/index.php?rest_route=\/wp\/v2\/pages\/1029\/revisions\/9945"}],"wp:attachment":[{"href":"https:\/\/obdravinji.si\/index.php?rest_route=%2Fwp%2Fv2%2Fmedia&parent=1029"}],"curies":[{"name":"wp","href":"https:\/\/api.w.org\/{rel}","templated":true}]}}